{"id":248,"date":"2017-04-26T21:38:26","date_gmt":"2017-04-26T21:38:26","guid":{"rendered":"http:\/\/mechanikbiecz.pl\/sklep\/?page_id=248"},"modified":"2017-11-06T11:30:00","modified_gmt":"2017-11-06T11:30:00","slug":"regulamin","status":"publish","type":"page","link":"https:\/\/mechanikbiecz.pl\/sklep\/regulamin\/","title":{"rendered":"Regulamin"},"content":{"rendered":"<ol>\n<li>Regulamin udost\u0119pniony jest Kupuj\u0105cym nieodp\u0142atnie za po\u015brednictwem strony internetowej &#8211; <a href=\"http:\/\/mechanikbiecz.pl\/sklep\/\" target=\"_blank\" rel=\"noopener\">www.mechanikbiecz.pl\/sklep<\/a> &#8211; w formie umo\u017cliwiaj\u0105cej jego pobranie, utrwalenie i wydrukowanie.<\/li>\n<li>Regulamin sprzeda\u017cy w sklepie internetowym AMB Service okre\u015bla zasady zawarcia i wykonania umowy sprzeda\u017cy towar\u00f3w znajduj\u0105cych si\u0119 w sklepie oraz zasady korzystania ze sklepu.<\/li>\n<li>Kupuj\u0105cy zobowi\u0105zany jest do zapoznania si\u0119 z tre\u015bci\u0105 Regulaminu przed Z\u0142o\u017ceniem zam\u00f3wienia<\/li>\n<li>Niniejszy Regulamin Sprzeda\u017cy stosuje si\u0119 do um\u00f3w sprzeda\u017cy zawieranych mi\u0119dzy firm\u0105 AMB Service Auto-Mechanika i Blacharstwo NIP: 685-101-91-32 zwan\u0105 dalej \u201eSprzedawc\u0105\u201d, a nabywcami jej towar\u00f3w zwanych dalej \u201eKupuj\u0105cymi\u201d, o ile odr\u0119bne zawarte w formie pisemnej umowy, nie stanowi\u0105 inaczej, w takim przypadku pierwsze\u0144stwo przed postanowieniami niniejszego Regulaminu maj\u0105 postanowienia takich um\u00f3w.<\/li>\n<\/ol>\n<p><strong>Opisy<\/strong><strong>\u00a0Cz\u0119\u015bci i Podzespo\u0142\u00f3w<br \/>\n<\/strong><br \/>\nDane techniczne i inne informacj\u0119 zawarte w naszych materia\u0142ach, opisach lub podawane w innych okoliczno\u015bciach przez Sprzedawc\u0119 maj\u0105 charakter wy\u0142\u0105cznie orientacyjny , pogl\u0105dowy\u00a0 nie stanowi\u0105 one informacji handlowej o towarze.<\/p>\n<p>Ewentualne niezgodno\u015bci mog\u0105 pojawi\u0107 si\u0119 z nieprawid\u0142owych danych dostarczanych przez producent\u00f3w lub innych nie zamierzonych przyczyn przez Sprzedawc\u0119.<\/p>\n<p>Rzeczywisty wygl\u0105d i kolorystyka Towar\u00f3w mog\u0105 nieznacznie r\u00f3\u017cni\u0107 si\u0119 od Towar\u00f3w prezentowanych na zdj\u0119ciach w Sklepie. Nie ogranicza to jednak w \u017caden spos\u00f3b uprawnie\u0144 Kupuj\u0105cych przys\u0142uguj\u0105cych im na podstawie kodeksu cywilnego oraz ustawy z dnia 30 maja 2014 r. o prawach konsumenta.<br \/>\nCeny prezentowane na stronie internetowej Sklepu podawane s\u0105 w polskich z\u0142otych i zawieraj\u0105 podatek VAT. Ceny nie obejmuj\u0105 koszt\u00f3w dostawy.<\/p>\n<p>Sprzeda\u017c w cenach promocyjnych dotyczy tylko i wy\u0142\u0105cznie Towar\u00f3w oznaczonych jako \u201ecena promocyjna\u201d. Czas trwania promocji okre\u015blony jest przez Sprzedawc\u0119 lub do wyczerpania zapas\u00f3w Towaru na magazynie.<br \/>\nZakupy Towar\u00f3w w cenach promocyjnych nie \u0142\u0105cz\u0105 si\u0119 z innymi formami promocji, np.: z kuponami rabatowymi.<\/p>\n<p>Koszt dostawy uzale\u017cniony jest m.in. od ilo\u015bci zam\u00f3wionych towar\u00f3w i ich warto\u015bci. Dostawa towaru odbywa si\u0119 w wybrany okre\u015blony przez Klienta w zam\u00f3wieniu spos\u00f3b.<\/p>\n<p>Sklep zastrzega sobie prawo do zmiany cen towar\u00f3w znajduj\u0105cych si\u0119 w ofercie Sklepu, z tym \u017ce obowi\u0105zuj\u0105c\u0105 Klienta jest cena z chwili zakupu towaru; wprowadzanie nowych towar\u00f3w do oferty AMB Service, przeprowadzania i odwo\u0142ywania akcji promocyjnych na stronach Sklepu b\u0105d\u017a wprowadzania w nich zmian.<\/p>\n<p><strong>Zam\u00f3wienia<\/strong><\/p>\n<ol>\n<li>Zawarcie, wykonanie, zmiana oraz rozwi\u0105zanie umowy z jakiejkolwiek przyczyny, podlega prawu polskiemu, niezale\u017cnie od miejsca jej zawarcia.<\/li>\n<li>Zakupy w Sklepie mog\u0105 by\u0107 dokonywane wy\u0142\u0105cznie przez osoby pe\u0142noletnie.<\/li>\n<li>Warunkiem realizacji dokonanych zakup\u00f3w jest prawid\u0142owe Z\u0142o\u017cenie zam\u00f3wienia.<\/li>\n<li>Do zawarcia umowy sprzeda\u017cy dochodzi w momencie potwierdzenia przez Sklep przyj\u0119cia z\u0142o\u017conego przez Kupuj\u0105cego zam\u00f3wienia.<\/li>\n<li>Sprzedawca przyjmuje zam\u00f3wienia poprzez:<br \/>\n&#8211; E-sklep: <a href=\"http:\/\/mechanikbiecz.pl\/sklep\/\" target=\"_blank\" rel=\"noopener\">www.mechanikbiecz.pl\/sklep<\/a><br \/>\n&#8211; Telefonicznie: 13 447 14 48 601 339 443<br \/>\n&#8211; Osobi\u015bcie w siedzibie firmy<\/li>\n<li>Korzystanie z E-sklepu nie wymaga zalogowania si\u0119 poprzez podanie w\u0142a\u015bciwego loginu i has\u0142a. Kupuj\u0105cy ma mo\u017cliwo\u015b\u0107 utworzenia Konta klienta. W tym celu powinien dokona\u0107 rejestracji do systemu sklepowego poprzez uzupe\u0142nienie formularza rejestracyjnego znajduj\u0105cego si\u0119 na stronie<a href=\"http:\/\/www.mechanikbiecz.pl\/sklep\" target=\"_blank\" rel=\"noopener\"> www.mechanikbiecz.pl\/sklep<\/a>\u00a0i przes\u0142anie wype\u0142nionego formularza drog\u0105 elektroniczn\u0105 do Sklepu. Utworzenie Konta klienta nie jest konieczne do Z\u0142o\u017cenia zam\u00f3wienia<\/li>\n<li>Wszystkie ceny widoczne w e-sklepie s\u0105 cenami brutto.<\/li>\n<li>Klient nie mo\u017ce anulowa\u0107 zam\u00f3wienia, kt\u00f3re zosta\u0142o zrealizowane przez Sprzedawc\u0119.<\/li>\n<li>Za realizacj\u0119 zam\u00f3wienia rozumiemy jego przyj\u0119cie, potwierdzenie, zapakowanie i wys\u0142anie towaru na podany przez Klienta w zam\u00f3wieniu adres.<\/li>\n<li>Termin realizacji zam\u00f3wie\u0144 to zazwyczaj jeden dzie\u0144 roboczy. Zam\u00f3wienia sk\u0142adane do godziny 16:00 (wyj\u0105tek stanowi Sobota) realizowane s\u0105 zazwyczaj jeszcze tego samego dnia, pod warunkiem, \u017ce jest to dzie\u0144 roboczy.<\/li>\n<li>Zam\u00f3wienie z\u0142o\u017cone po godzinie 16:30 mo\u017ce zosta\u0107 przygotowane do transportu i wysy\u0142ki nast\u0119pnego dnia roboczego.<\/li>\n<li>Do ka\u017cdego zam\u00f3wienia do\u0142\u0105czony jest paragon lub faktura VAT .<\/li>\n<li>Anulowanie lub modyfikacja przyj\u0119tej przez Sprzedawc\u0119 oferty jest mo\u017cliwa przez Kupuj\u0105cego do czasu, gdy Towar nie zosta\u0142 jeszcze wys\u0142any (nie dotyczy to \u015bwiadcze\u0144 o w\u0142a\u015bciwo\u015bciach okre\u015blonych przez konsumenta w z\u0142o\u017conym przez niego zam\u00f3wieniu lub \u015bci\u015ble zwi\u0105zanych z jego osob\u0105). W tym celu nale\u017cy skontaktowa\u0107 si\u0119 ze Sprzedawc\u0105. Nie narusza to w \u017caden spos\u00f3b praw konsument\u00f3w do odst\u0105pienia od umowy w terminie 14 dni od odebrania Towaru.<\/li>\n<\/ol>\n<p><strong>P\u0142atno\u015b\u0107<\/strong><\/p>\n<ol>\n<li>P\u0142atno\u015b\u0107 za towar mo\u017ce by\u0107 dokonywana przez Klienta w nast\u0119puj\u0105cy spos\u00f3b :<br \/>\n&#8211; Got\u00f3wk\u0105 do r\u0105k przewo\u017anika, w przypadku zam\u00f3wienia towaru za pobraniem<br \/>\n&#8211; Przelewem bankowym na nast\u0119puj\u0105cy rachunek bankowy:<br \/>\nAMB Service, Bochniewicza\u00a055a, \u00a038-340 Biecz<br \/>\nBank Sp\u00f3\u0142dzielczy w Bieczu<br \/>\n29 8627 0001 2002 3001 9800 0001<br \/>\n&#8211; Got\u00f3wk\u0105 w przypadku odbioru towaru przez Klienta w siedzibie Sprzedaj\u0105cego<\/li>\n<li>Dla wybranych ofert w tak zwanej promocji koszt dostawy pokrywa sprzedaj\u0105cy\u00a0koszt dostawy dla kupuj\u0105cego wynosi 0 z\u0142. Informacje o takiej promocji s\u0105 podawane na karcie produktu.<\/li>\n<\/ol>\n<p><strong>Dostawa<\/strong><\/p>\n<ol>\n<li>Towar zam\u00f3wiony u Sprzedawcy wysy\u0142any jest za po\u015brednictwem firm kurierskich.<\/li>\n<li>Wydanie towaru Kupuj\u0105cemu nast\u0119puje w chwili wydania towaru z magazynu Sprzedawcy Kupuj\u0105cemu lub przewo\u017anikowi.<\/li>\n<li>W momencie odbioru przesy\u0142ki Kupuj\u0105cy, ma prawo do sprawdzenia zawarto\u015bci przesy\u0142ki w obecno\u015bci osoby, kt\u00f3ra dor\u0119cza przesy\u0142k\u0119. Je\u017celi Towar jest uszkodzony, Kupuj\u0105cy ma prawo nie przyjmowa\u0107 przesy\u0142ki, o czym jest zobowi\u0105zany niezw\u0142ocznie powiadomi\u0107 Sprzedaj\u0105cego.<\/li>\n<li>Sprzedawca nie bierze odpowiedzialno\u015bci za wyd\u0142u\u017cenie czasu dostawy z przyczyn niezale\u017cnych od Sprzedawcy<\/li>\n<li>Ceny towar\u00f3w znajduj\u0105cych si\u0119 w ofercie Sklepu wyra\u017cone s\u0105 w z\u0142otych polskich i zawieraj\u0105 podatek VAT. Podane ceny nie obejmuj\u0105 koszt\u00f3w przesy\u0142ki.<\/li>\n<li>Sklep b\u0119dzie d\u0105\u017cy\u0142 do realizacji z\u0142o\u017conego zam\u00f3wienia najp\u00f3\u017aniej w terminie 3 dni roboczych. Czas realizacji zam\u00f3wienia nie uwzgl\u0119dnia czasu dostawy Produktu do Zamawiaj\u0105cego.<\/li>\n<\/ol>\n<p><strong>Zwroty i reklamacje<\/strong><\/p>\n<ol>\n<li>Przed odebraniem przesy\u0142ki prosimy sprawdzi\u0107 w obecno\u015bci kuriera czy nie jest ona uszkodzona lub czy opakowanie nie by\u0142o otwierane. Je\u015bli podczas odbioru towaru od kuriera oka\u017ce si\u0119, \u017ce przesy\u0142ka zosta\u0142a uszkodzona w trakcie przesy\u0142ania, prosimy spisa\u0107 w jego obecno\u015bci protok\u00f3\u0142 szkody (jest do\u0142\u0105czony do przesy\u0142ki) i niezw\u0142ocznie zawiadomi\u0107 nas o tym fakcie. Uszkodzony towar prosimy odes\u0142a\u0107 wraz z kopi\u0105 otrzymanej faktury lub paragonem i protoko\u0142em sporz\u0105dzonym wraz z kurierem ze szczeg\u00f3\u0142owym opisem przyczyn reklamacji.<\/li>\n<li>Z\u0142o\u017cenie zam\u00f3wienia jest jednoznaczne z zaakceptowaniem warunk\u00f3w reklamacji oraz zwrot\u00f3w towar\u00f3w.<\/li>\n<li>Prawo konsumenta do odst\u0105pienia od umowy: Zgodnie z ustaw\u0105 o prawach konsumenta z dnia 30 maja 2014, kupuj\u0105cy ma 14 dni od daty otrzymania towaru na przes\u0142anie o\u015bwiadczenia o odst\u0105pieniu od umowy, a je\u015bli sprzedaj\u0105cy nie poinformowa\u0142 o prawie do odst\u0105pienia \u2013 12 miesi\u0119cy. W takim przypadku Sprzedaj\u0105cy zwr\u00f3ci wszystkie otrzymane od Kupuj\u0105cego p\u0142atno\u015bci.<\/li>\n<li>Zwrot przedmiotu przez konsumenta powinien nast\u0105pi\u0107 niezw\u0142ocznie, nie p\u00f3\u017aniej ni\u017c w terminie 14 dni kalendarzowych od daty przes\u0142ania o\u015bwiadczenia, podobnie jak zwrot \u015brodk\u00f3w przez Sprzedaj\u0105cego. Sprzedaj\u0105cy mo\u017ce jednak wstrzyma\u0107 si\u0119 z odes\u0142aniem \u015brodk\u00f3w do czasu otrzymania przedmiotu<\/li>\n<li>Opakowanie zwracanej cz\u0119\u015bci musi by\u0107 w\u0142a\u015bciwie zabezpieczone do transportu, nie mo\u017ce by\u0107 w \u017caden spos\u00f3b oklejone!<\/li>\n<li>Je\u017celi zakupione cz\u0119\u015bci nie pasuj\u0105 np. z powodu modyfikacji fabrycznych b\u0105d\u017a wt\u00f3rnych, a zosta\u0142y poprawnie dobrane <strong>prosimy o niezw\u0142oczne poinformowanie nas o tym fakcie.<\/strong> Tak szybko, jak to mo\u017cliwe wymienimy towar na inny (pod warunkiem, \u017ce wymieniane cz\u0119\u015bci nie nosi\u0142y \u017cadnych \u015blad\u00f3w u\u017cytkowania i posiadaj\u0105 oryginalne opakowanie, nie dotyczy to cz\u0119\u015bci u\u017cywanych) W przypadku odes\u0142ania towaru bez odpowiedniego zabezpieczenia przed zniszczeniem oryginalnego opakowania cz\u0119\u015bci lub stwierdzenia \u015blad\u00f3w monta\u017cu wymienianej cz\u0119\u015bci, towar zostanie ponownie nadany na koszt odbiorcy przesy\u0142k\u0105 kuriersk\u0105.<\/li>\n<\/ol>\n<p><strong>Dane osobowe<\/strong><\/p>\n<ol>\n<li>Poprzez z\u0142o\u017cenie Zam\u00f3wienia Kupuj\u0105cy wyra\u017ca zgod\u0119 na przetwarzanie przez Sprzedawc\u0119 jego danych osobowych na zasadach okre\u015blonych w ustawie z dnia 29 sierpnia 1997 r. o ochronie danych osobowych (Dz. U. 2002 Nr 101, poz. 926 ze zm.).<\/li>\n<li>Sprzedawca o\u015bwiadcza, i\u017c przetwarza dane osobowe Kupuj\u0105cego jedynie w celu zrealizowania Zam\u00f3wienia, z zastrze\u017ceniem ust. 3 poni\u017cej. Wyra\u017cenie zgody na przetwarzanie danych osobowych w powy\u017cszym celu jest niezb\u0119dne do realizacji Zam\u00f3wienia.<\/li>\n<li>Sprzedawca o\u015bwiadcza, i\u017c b\u0119dzie przetwarza\u0142 dane osobowe Kupuj\u0105cego w celach marketingowych, o ile Kupuj\u0105cy wyrazi na to zgod\u0119 przy sk\u0142adaniu Zam\u00f3wienia.<\/li>\n<li>Kupuj\u0105cy ma prawo wgl\u0105du w swoje dane osobowe, prawo do ich uzupe\u0142nienia, uaktualnienia, sprostowania oraz \u017c\u0105dania czasowego lub sta\u0142ego wstrzymania ich przetwarzania lub ich usuni\u0119cia, je\u017celi s\u0105 one niekompletne, nieaktualne, nieprawdziwe lub zosta\u0142y zebrane z naruszeniem ustawy o ochronie danych osobowych albo s\u0105 zb\u0119dne do realizacji celu, dla kt\u00f3rego zosta\u0142y zebrane. W celu wykonania powy\u017cszego uprawnienia Kupuj\u0105cy powinien si\u0119 skontaktowa\u0107 ze Sprzedawc\u0105 za po\u015brednictwem poczty elektronicznej: autoczesciamb@onet.pl wskazuj\u0105c zakres swojego \u017c\u0105dania dotycz\u0105cego jego danych osobowych.<\/li>\n<li>Sprzedawca zobowi\u0105zuje si\u0119 chroni\u0107 dane osobowe Kupuj\u0105cego przed dost\u0119pem nieuprawnionych os\u00f3b, a tak\u017ce o\u015bwiadcza, i\u017c nie b\u0119dzie udost\u0119pnia\u0142 danych osobowych Kupuj\u0105cego jakimkolwiek innym podmiotom, poza przypadkami przewidzianymi prawem.<\/li>\n<\/ol>\n<p><strong>Postanowienia Ko\u0144cowe<\/strong><\/p>\n<ol>\n<li>Niniejszy Regulamin, obowi\u0105zuje od dnia 02.01.2017 r. do odwo\u0142ania, stanowi integraln\u0105 cz\u0119\u015b\u0107 zawieranych Um\u00f3w.<\/li>\n<li>W sprawach nieuregulowanych w niniejszym regulaminie zastosowanie znajduj\u0105 powszechnie\u00a0 obowi\u0105zuj\u0105ce\u00a0 przepisy\u00a0 prawa polskiego.<\/li>\n<li>Wszelkie ewentualne spory wynikaj\u0105ce z realizacji niniejszej umowy lub zwi\u0105zane z zawarciem niniejszej umowy, strony umowy sprzeda\u017cy poddaj\u0105 pod rozstrzygni\u0119cie w\u0142a\u015bciwego rzeczowo s\u0105du powszechnego w Gorlicach przy zastosowaniu prawa polskiego.<\/li>\n<li>Sprzedawca zastrzega sobie prawo do zmiany Regulaminu. Wszelkie zmiany Regulaminu obowi\u0105zuj\u0105 od daty opublikowania ich na stronie <a href=\"http:\/\/mechanikbiecz.pl\/sklep\/\" target=\"_blank\" rel=\"noopener\"><strong>www.mechanikbiecz.pl\/sklep<\/strong><\/a>. Zam\u00f3wienia z\u0142o\u017cone przed dat\u0105 wprowadzenia zmian do niniejszego Regulaminu s\u0105 realizowane na podstawie zapis\u00f3w obowi\u0105zuj\u0105cych w dniu z\u0142o\u017cenia zam\u00f3wienia.<\/li>\n<li><strong>Zakaz kopiowania tekst\u00f3w i zdj\u0119\u0107 z naszych stron. <\/strong>Wszelkie kradzie\u017ce zdj\u0119\u0107 i tre\u015bci\u00a0 b\u0119d\u0105 zg\u0142aszane do odpowiednich s\u0142u\u017cb.<\/li>\n<\/ol>\n<p><strong>Przypominamy:<\/strong><br \/>\nZgodnie z ustaw\u0105 z 4 lutego 1994 o prawie autorskim i prawach pokrewnych (Dz.U. 1994\/24\/83) za naruszenie praw w\u0142asno\u015bci poprzez kopiowanie,powielanie i rozpowszechnianie przedstawionych tre\u015bci bez zgody w\u0142a\u015bciciela grozi grzywna oraz kara pozbawienia wolno\u015bci od 6 m-cy do lat 5 (art. 115.1).<\/p>\n<h3><a href=\"http:\/\/mechanikbiecz.pl\/sklep\/karta_zwrotu_towaru.pdf\" target=\"_blank\" rel=\"noopener noreferrer\">Pobierz kart\u0119\u00a0zwrotu\u00a0towaru<\/a><\/h3>\n<h3><a href=\"http:\/\/mechanikbiecz.pl\/sklep\/formularz_reklamacji.pdf\" target=\"_blank\" rel=\"noopener noreferrer\">Pobierz formularz reklamacji towaru<\/a><\/h3>\n","protected":false},"excerpt":{"rendered":"<p>Regulamin udost\u0119pniony jest Kupuj\u0105cym nieodp\u0142atnie za po\u015brednictwem strony internetowej &#8211; www.mechanikbiecz.pl\/sklep &#8211; w formie umo\u017cliwiaj\u0105cej jego pobranie, utrwalenie i wydrukowanie. Regulamin sprzeda\u017cy w sklepie internetowym AMB Service okre\u015bla zasady zawarcia i wykonania umowy sprzeda\u017cy towar\u00f3w znajduj\u0105cych si\u0119 w sklepie oraz zasady korzystania ze sklepu. Kupuj\u0105cy zobowi\u0105zany jest do zapoznania si\u0119 z tre\u015bci\u0105 Regulaminu przed Z\u0142o\u017ceniem [&hellip;]<\/p>\n","protected":false},"author":1,"featured_media":0,"parent":0,"menu_order":0,"comment_status":"closed","ping_status":"closed","template":"","meta":{"_exactmetrics_skip_tracking":false,"_exactmetrics_sitenote_active":false,"_exactmetrics_sitenote_note":"","_exactmetrics_sitenote_category":0,"footnotes":""},"class_list":["post-248","page","type-page","status-publish","hentry"],"yoast_head":"<!-- This site is optimized with the Yoast SEO plugin v23.9 - https:\/\/yoast.com\/wordpress\/plugins\/seo\/ -->\n<title>Regulamin &#8226; Sklep AMB Service<\/title>\n<meta name=\"robots\" content=\"index, follow, max-snippet:-1, max-image-preview:large, max-video-preview:-1\" \/>\n<link rel=\"canonical\" href=\"https:\/\/mechanikbiecz.pl\/sklep\/regulamin\/\" \/>\n<meta property=\"og:locale\" content=\"pl_PL\" \/>\n<meta property=\"og:type\" content=\"article\" \/>\n<meta property=\"og:title\" content=\"Regulamin &#8226; Sklep AMB Service\" \/>\n<meta property=\"og:description\" content=\"Regulamin udost\u0119pniony jest Kupuj\u0105cym nieodp\u0142atnie za po\u015brednictwem strony internetowej &#8211; www.mechanikbiecz.pl\/sklep &#8211; w formie umo\u017cliwiaj\u0105cej jego pobranie, utrwalenie i wydrukowanie. Regulamin sprzeda\u017cy w sklepie internetowym AMB Service okre\u015bla zasady zawarcia i wykonania umowy sprzeda\u017cy towar\u00f3w znajduj\u0105cych si\u0119 w sklepie oraz zasady korzystania ze sklepu. Kupuj\u0105cy zobowi\u0105zany jest do zapoznania si\u0119 z tre\u015bci\u0105 Regulaminu przed Z\u0142o\u017ceniem [&hellip;]\" \/>\n<meta property=\"og:url\" content=\"https:\/\/mechanikbiecz.pl\/sklep\/regulamin\/\" \/>\n<meta property=\"og:site_name\" content=\"Sklep AMB Service\" \/>\n<meta property=\"article:modified_time\" content=\"2017-11-06T11:30:00+00:00\" \/>\n<meta name=\"twitter:label1\" content=\"Szacowany czas czytania\" \/>\n\t<meta name=\"twitter:data1\" content=\"9 minut\" \/>\n<script type=\"application\/ld+json\" class=\"yoast-schema-graph\">{\"@context\":\"https:\/\/schema.org\",\"@graph\":[{\"@type\":\"WebPage\",\"@id\":\"https:\/\/mechanikbiecz.pl\/sklep\/regulamin\/\",\"url\":\"https:\/\/mechanikbiecz.pl\/sklep\/regulamin\/\",\"name\":\"Regulamin &#8226; Sklep AMB Service\",\"isPartOf\":{\"@id\":\"https:\/\/mechanikbiecz.pl\/sklep\/#website\"},\"datePublished\":\"2017-04-26T21:38:26+00:00\",\"dateModified\":\"2017-11-06T11:30:00+00:00\",\"breadcrumb\":{\"@id\":\"https:\/\/mechanikbiecz.pl\/sklep\/regulamin\/#breadcrumb\"},\"inLanguage\":\"pl-PL\",\"potentialAction\":[{\"@type\":\"ReadAction\",\"target\":[\"https:\/\/mechanikbiecz.pl\/sklep\/regulamin\/\"]}]},{\"@type\":\"BreadcrumbList\",\"@id\":\"https:\/\/mechanikbiecz.pl\/sklep\/regulamin\/#breadcrumb\",\"itemListElement\":[{\"@type\":\"ListItem\",\"position\":1,\"name\":\"Strona g\u0142\u00f3wna\",\"item\":\"https:\/\/mechanikbiecz.pl\/sklep\/\"},{\"@type\":\"ListItem\",\"position\":2,\"name\":\"Regulamin\"}]},{\"@type\":\"WebSite\",\"@id\":\"https:\/\/mechanikbiecz.pl\/sklep\/#website\",\"url\":\"https:\/\/mechanikbiecz.pl\/sklep\/\",\"name\":\"Sklep AMB Service\",\"description\":\"Wszystko dla auta!\",\"potentialAction\":[{\"@type\":\"SearchAction\",\"target\":{\"@type\":\"EntryPoint\",\"urlTemplate\":\"https:\/\/mechanikbiecz.pl\/sklep\/?s={search_term_string}\"},\"query-input\":{\"@type\":\"PropertyValueSpecification\",\"valueRequired\":true,\"valueName\":\"search_term_string\"}}],\"inLanguage\":\"pl-PL\"}]}<\/script>\n<!-- \/ Yoast SEO plugin. -->","yoast_head_json":{"title":"Regulamin &#8226; Sklep AMB Service","robots":{"index":"index","follow":"follow","max-snippet":"max-snippet:-1","max-image-preview":"max-image-preview:large","max-video-preview":"max-video-preview:-1"},"canonical":"https:\/\/mechanikbiecz.pl\/sklep\/regulamin\/","og_locale":"pl_PL","og_type":"article","og_title":"Regulamin &#8226; Sklep AMB Service","og_description":"Regulamin udost\u0119pniony jest Kupuj\u0105cym nieodp\u0142atnie za po\u015brednictwem strony internetowej &#8211; www.mechanikbiecz.pl\/sklep &#8211; w formie umo\u017cliwiaj\u0105cej jego pobranie, utrwalenie i wydrukowanie. Regulamin sprzeda\u017cy w sklepie internetowym AMB Service okre\u015bla zasady zawarcia i wykonania umowy sprzeda\u017cy towar\u00f3w znajduj\u0105cych si\u0119 w sklepie oraz zasady korzystania ze sklepu. Kupuj\u0105cy zobowi\u0105zany jest do zapoznania si\u0119 z tre\u015bci\u0105 Regulaminu przed Z\u0142o\u017ceniem [&hellip;]","og_url":"https:\/\/mechanikbiecz.pl\/sklep\/regulamin\/","og_site_name":"Sklep AMB Service","article_modified_time":"2017-11-06T11:30:00+00:00","twitter_misc":{"Szacowany czas czytania":"9 minut"},"schema":{"@context":"https:\/\/schema.org","@graph":[{"@type":"WebPage","@id":"https:\/\/mechanikbiecz.pl\/sklep\/regulamin\/","url":"https:\/\/mechanikbiecz.pl\/sklep\/regulamin\/","name":"Regulamin &#8226; Sklep AMB Service","isPartOf":{"@id":"https:\/\/mechanikbiecz.pl\/sklep\/#website"},"datePublished":"2017-04-26T21:38:26+00:00","dateModified":"2017-11-06T11:30:00+00:00","breadcrumb":{"@id":"https:\/\/mechanikbiecz.pl\/sklep\/regulamin\/#breadcrumb"},"inLanguage":"pl-PL","potentialAction":[{"@type":"ReadAction","target":["https:\/\/mechanikbiecz.pl\/sklep\/regulamin\/"]}]},{"@type":"BreadcrumbList","@id":"https:\/\/mechanikbiecz.pl\/sklep\/regulamin\/#breadcrumb","itemListElement":[{"@type":"ListItem","position":1,"name":"Strona g\u0142\u00f3wna","item":"https:\/\/mechanikbiecz.pl\/sklep\/"},{"@type":"ListItem","position":2,"name":"Regulamin"}]},{"@type":"WebSite","@id":"https:\/\/mechanikbiecz.pl\/sklep\/#website","url":"https:\/\/mechanikbiecz.pl\/sklep\/","name":"Sklep AMB Service","description":"Wszystko dla auta!","potentialAction":[{"@type":"SearchAction","target":{"@type":"EntryPoint","urlTemplate":"https:\/\/mechanikbiecz.pl\/sklep\/?s={search_term_string}"},"query-input":{"@type":"PropertyValueSpecification","valueRequired":true,"valueName":"search_term_string"}}],"inLanguage":"pl-PL"}]}},"_links":{"self":[{"href":"https:\/\/mechanikbiecz.pl\/sklep\/wp-json\/wp\/v2\/pages\/248","targetHints":{"allow":["GET"]}}],"collection":[{"href":"https:\/\/mechanikbiecz.pl\/sklep\/wp-json\/wp\/v2\/pages"}],"about":[{"href":"https:\/\/mechanikbiecz.pl\/sklep\/wp-json\/wp\/v2\/types\/page"}],"author":[{"embeddable":true,"href":"https:\/\/mechanikbiecz.pl\/sklep\/wp-json\/wp\/v2\/users\/1"}],"replies":[{"embeddable":true,"href":"https:\/\/mechanikbiecz.pl\/sklep\/wp-json\/wp\/v2\/comments?post=248"}],"version-history":[{"count":6,"href":"https:\/\/mechanikbiecz.pl\/sklep\/wp-json\/wp\/v2\/pages\/248\/revisions"}],"predecessor-version":[{"id":382,"href":"https:\/\/mechanikbiecz.pl\/sklep\/wp-json\/wp\/v2\/pages\/248\/revisions\/382"}],"wp:attachment":[{"href":"https:\/\/mechanikbiecz.pl\/sklep\/wp-json\/wp\/v2\/media?parent=248"}],"curies":[{"name":"wp","href":"https:\/\/api.w.org\/{rel}","templated":true}]}}