{"id":786,"date":"2018-06-11T07:34:49","date_gmt":"2018-06-11T07:34:49","guid":{"rendered":"https:\/\/mechanikbiecz.pl\/sklep\/?page_id=786"},"modified":"2018-06-11T18:59:34","modified_gmt":"2018-06-11T18:59:34","slug":"polityka-prywatnosci","status":"publish","type":"page","link":"https:\/\/mechanikbiecz.pl\/sklep\/polityka-prywatnosci\/","title":{"rendered":"Polityka prywatno\u015bci"},"content":{"rendered":"<div class=\"privacy-text-section\">\n<div class=\"policy-text\">\n<div class=\"wp-suggested-text\">\n<h2>Kim jeste\u015bmy<\/h2>\n<p class=\"privacy-policy-tutorial\"><b>AMB Service Auto-Mechanika<\/b><br \/>\nul. Bochniewicza 55a, 38-340 Biecz<br \/>\ne-mail:\u00a0<a href=\"mailto:kontakt@mechanikbiecz.pl\">kontakt@mechanikbiecz.pl<\/a><br \/>\nwww:\u00a0<a href=\"http:\/\/mechanikbiecz.pl\/\" target=\"_blank\" rel=\"noopener\">www.mechanikbiecz.pl<\/a><br \/>\nsklep internetowy: <a href=\"http:\/\/www.sklep.mechanikbiecz.pl\" target=\"_blank\" rel=\"noopener\">www.sklep.mechanikbiecz.pl<\/a><br \/>\ntel.: 13 447 14 48<br \/>\nkom.: 601-339-443<\/p>\n<h2>Jakie dane osobiste zbieramy i dlaczego je zbieramy<\/h2>\n<p>Podczas przegl\u0105dania naszej witryny, b\u0119dziemy zbiera\u0107 nast\u0119puj\u0105ce informacje:<\/p>\n<ul>\n<li>Przegl\u0105dane produkty: u\u017cyjemy tych informacji, aby na przyk\u0142ad pokaza\u0107 ci ostatnio ogl\u0105dane produkty<\/li>\n<li>Lokalizacja, adres IP i przegl\u0105darka: u\u017cyjemy tych danych do oszacowania podatk\u00f3w i koszt\u00f3w wysy\u0142ki<\/li>\n<li>Adres wysy\u0142ki: poprosimy ci\u0119 o wpisanie adresu, aby\u015bmy mogli na przyk\u0142ad oszacowa\u0107 koszty wysy\u0142ki przed z\u0142o\u017ceniem zam\u00f3wienia i wys\u0142a\u0107 zam\u00f3wienie!<\/li>\n<\/ul>\n<p>B\u0119dziemy r\u00f3wnie\u017c u\u017cywa\u0107 plik\u00f3w cookie do \u015bledzenia zawarto\u015bci koszyka podczas przegl\u0105dania naszej witryny.<\/p>\n<p>Gdy kupujesz w naszym sklepie, poprosimy ci\u0119 o podanie informacji zawieraj\u0105cych imi\u0119 i nazwisko, adresy p\u0142atno\u015bci i wysy\u0142ki, e-mail, telefon, dane p\u0142atno\u015bci lub karty i opcjonalne dane konta: nazwa u\u017cytkownika i has\u0142o. B\u0119dziemy wykorzystywa\u0107 te informacje w poni\u017cszych celach:<\/p>\n<ul>\n<li>Przesy\u0142anie informacji o twoim koncie i zam\u00f3wieniach<\/li>\n<li>Odpowiadanie na twoje zg\u0142oszenia, w tym zwroty i reklamacje<\/li>\n<li>Procesowanie p\u0142atno\u015bci i zapobieganie oszustwom<\/li>\n<li>Za\u0142o\u017cenie konta w naszym sklepie<\/li>\n<li>Spe\u0142nienie zobowi\u0105za\u0144 prawnych, np. obliczania podatk\u00f3w<\/li>\n<li>Ulepszanie oferty sklepu<\/li>\n<li>Wysy\u0142anie informacji marketingowych, je\u015bli zgodzisz si\u0119 na ich otrzymywanie<\/li>\n<\/ul>\n<p>Je\u015bli utworzysz konto, zachowamy twoje imi\u0119 i nazwisko, adres, e-mail oraz numer telefonu, kt\u00f3re b\u0119d\u0105 wykorzystane przy sk\u0142adaniu nast\u0119pnych zam\u00f3wie\u0144.<\/p>\n<p>Og\u00f3lnie informacje s\u0105 przechowywane tak d\u0142ugo, jak potrzebujemy informacji dla cel\u00f3w, dla kt\u00f3rych je gromadzimy i wykorzystujemy, i nie jeste\u015bmy prawnie zobowi\u0105zani do dalszego przechowywania.<\/p>\n<p>B\u0119dziemy r\u00f3wnie\u017c przechowywa\u0107 komentarze i opinie, je\u015bli zdecydujesz si\u0119 je napisa\u0107.<\/p>\n<h3>Ciasteczka<\/h3>\n<p>Je\u015bli zostawisz na naszej witrynie komentarz, b\u0119dziesz m\u00f3g\u0142 wybra\u0107 opcj\u0119 zapisu twojej nazwy, adresu email i adresu strony internetowej w ciasteczkach, dzi\u0119ki kt\u00f3rym podczas pisania kolejnych komentarzy powy\u017csze informacje b\u0119d\u0105 ju\u017c dogodnie uzupe\u0142nione. Te ciasteczka wygasaj\u0105 po roku.<\/p>\n<p>Je\u015bli masz konto i zalogujesz si\u0119 na tej witrynie, utworzymy tymczasowe ciasteczko na potrzeby sprawdzenia czy twoja przegl\u0105darka akceptuje ciasteczka. To ciasteczko nie zawiera \u017cadnych danych osobistych i zostanie wyrzucone kiedy zamkniesz przegl\u0105dark\u0119.<\/p>\n<p>Podczas logowania tworzymy dodatkowo kilka ciasteczek potrzebnych do zapisu twoich informacji logowania oraz wybranych opcji ekranu. Ciasteczka logowania wygasaj\u0105 po dw\u00f3ch dniach, a opcji ekranu po roku. Je\u015bli zaznaczysz opcj\u0119 \u201ePami\u0119taj mnie\u201d, logowanie wyga\u015bnie po dw\u00f3ch tygodniach. Je\u015bli wylogujesz si\u0119 ze swojego konta, ciasteczka logowania zostan\u0105 usuni\u0119te.<\/p>\n<h3>Osadzone tre\u015bci z innych witryn<\/h3>\n<p>Artyku\u0142y na tej witrynie mog\u0105 zawiera\u0107 osadzone tre\u015bci (np. filmy, obrazki, artyku\u0142y itp.). Osadzone tre\u015bci z innych witryn zachowuj\u0105 si\u0119 analogicznie do tego, jakby u\u017cytkownik odwiedzi\u0142 bezpo\u015brednio konkretn\u0105 witryn\u0119.<\/p>\n<p>Witryny mog\u0105 zbiera\u0107 informacje o tobie, u\u017cywa\u0107 ciasteczek, do\u0142\u0105cza\u0107 dodatkowe, zewn\u0119trzne systemy \u015bledzenia i monitorowa\u0107 twoje interakcje z osadzonym materia\u0142em, w\u0142\u0105czaj\u0105c w to \u015bledzenie twoich interakcji z osadzonym materia\u0142em je\u015bli posiadasz konto i jeste\u015b zalogowany w tamtej witrynie.<\/p>\n<h3>Analiza statystyk<\/h3>\n<p class=\"privacy-policy-tutorial\">Do zbierania statystyk oraz analityki wykorzystujemy narz\u0119dzie\u00a0<strong>Google Analytics.\u00a0<\/strong><a href=\"https:\/\/policies.google.com\/privacy?hl=pl\" target=\"_blank\" rel=\"noopener\">https:\/\/policies.google.com\/privacy?hl=pl<\/a>Polityk\u0119 prywatno\u015bci tej us\u0142ugi znajdziesz na stronie<\/p>\n<h2>Jak d\u0142ugo przechowujemy twoje dane<\/h2>\n<p>Je\u015bli zostawisz komentarz, jego tre\u015b\u0107 i metadane b\u0119d\u0105 przechowywane przez czas nieokre\u015blony. Dzi\u0119ki temu jeste\u015bmy w stanie rozpoznawa\u0107 i zatwierdza\u0107 kolejne komentarze automatycznie, bez wysy\u0142ania ich do ka\u017cdorazowej moderacji.<\/p>\n<p>Dla u\u017cytkownik\u00f3w kt\u00f3rzy zarejestrowali si\u0119 na naszej stronie internetowej (je\u015bli tacy s\u0105), przechowujemy r\u00f3wnie\u017c informacje osobiste wprowadzone w profilu. Ka\u017cdy u\u017cytkownik mo\u017ce dokona\u0107 wgl\u0105du, korekty albo skasowa\u0107 swoje informacje osobiste w dowolnej chwili (nie licz\u0105c nazwy u\u017cytkownika, kt\u00f3rej nie mo\u017cna zmieni\u0107). Administratorzy strony r\u00f3wnie\u017c mog\u0105 przegl\u0105da\u0107 i modyfikowa\u0107 te informacje.<\/p>\n<h2>Jakie masz prawa do swoich danych<\/h2>\n<p class=\"privacy-policy-tutorial\">W tej cz\u0119\u015bci nale\u017cy wyja\u015bni\u0107 jakie u\u017cytkownik ma prawa do swoich danych i jak mo\u017ce te prawa egzekwowa\u0107.<\/p>\n<p><strong class=\"privacy-policy-tutorial\">Sugerowany tekst:\u00a0<\/strong>Je\u015bli masz konto u\u017cytkownika, doda\u0142e\u015b komentarze, lub dokona\u0142e\u015b zakupu w naszym sklepie mo\u017cesz za\u017c\u0105da\u0107 dostarczenia pliku z wyeksportowanym kompletem twoich danych osobistych b\u0119d\u0105cych w naszym posiadaniu, w tym ca\u0142o\u015b\u0107 tych dostarczonych przez ciebie. Mo\u017cesz r\u00f3wnie\u017c za\u017c\u0105da\u0107 usuni\u0119cia przez nas ca\u0142o\u015bci twoich danych osobistych w naszym posiadaniu. Nie dotyczy to \u017cadnych danych kt\u00f3re jeste\u015bmy zobligowani zachowa\u0107 ze wzgl\u0119d\u00f3w administracyjnych, prawnych albo bezpiecze\u0144stwa.<\/p>\n<h2>Gdzie przesy\u0142amy dane<\/h2>\n<p>Komentarze go\u015bci mog\u0105 by\u0107 sprawdzane za pomoc\u0105 automatycznej us\u0142ugi wykrywania spamu.<\/p>\n<\/div>\n<\/div>\n<\/div>\n<div class=\"privacy-text-section\">\n<div class=\"policy-text\">\n<h2>Kto z naszego zespo\u0142u ma dost\u0119p do Twoich danych<\/h2>\n<p>Cz\u0142onkowie naszego zespo\u0142u maj\u0105 dost\u0119p do informacji, kt\u00f3re nam podajesz. Np. administratorzy i obs\u0142uga sklepu maj\u0105 dost\u0119p do:<\/p>\n<ul>\n<li>Szczeg\u00f3\u0142y zam\u00f3wie\u0144, takie jak kupione pozycje, data zam\u00f3wienia, adres wysy\u0142ki i<\/li>\n<li>Informacje o klientach, takie jak imi\u0119 i nazwisko, adres e-mail i informacje dotycz\u0105ce fakturowania i wysy\u0142ki.<\/li>\n<\/ul>\n<p>Nasz zesp\u00f3\u0142 ma dost\u0119p do tych informacji, aby obs\u0142ugiwa\u0107 zam\u00f3wienia, zwroty oraz oferowa\u0107 wsparcie.<\/p>\n<\/div>\n<\/div>\n","protected":false},"excerpt":{"rendered":"<p>Kim jeste\u015bmy AMB Service Auto-Mechanika ul. Bochniewicza 55a, 38-340 Biecz e-mail:\u00a0kontakt@mechanikbiecz.pl www:\u00a0www.mechanikbiecz.pl sklep internetowy: www.sklep.mechanikbiecz.pl tel.: 13 447 14 48 kom.: 601-339-443 Jakie dane osobiste zbieramy i dlaczego je zbieramy Podczas przegl\u0105dania naszej witryny, b\u0119dziemy zbiera\u0107 nast\u0119puj\u0105ce informacje: Przegl\u0105dane produkty: u\u017cyjemy tych informacji, aby na przyk\u0142ad pokaza\u0107 ci ostatnio ogl\u0105dane produkty Lokalizacja, adres IP i [&hellip;]<\/p>\n","protected":false},"author":1,"featured_media":0,"parent":0,"menu_order":0,"comment_status":"closed","ping_status":"closed","template":"","meta":{"_exactmetrics_skip_tracking":false,"_exactmetrics_sitenote_active":false,"_exactmetrics_sitenote_note":"","_exactmetrics_sitenote_category":0,"footnotes":""},"class_list":["post-786","page","type-page","status-publish","hentry"],"yoast_head":"<!-- This site is optimized with the Yoast SEO plugin v23.9 - https:\/\/yoast.com\/wordpress\/plugins\/seo\/ -->\n<title>Polityka prywatno\u015bci &#8226; Sklep AMB Service<\/title>\n<meta name=\"robots\" content=\"index, follow, max-snippet:-1, max-image-preview:large, max-video-preview:-1\" \/>\n<link rel=\"canonical\" href=\"https:\/\/mechanikbiecz.pl\/sklep\/polityka-prywatnosci\/\" \/>\n<meta property=\"og:locale\" content=\"pl_PL\" \/>\n<meta property=\"og:type\" content=\"article\" \/>\n<meta property=\"og:title\" content=\"Polityka prywatno\u015bci &#8226; Sklep AMB Service\" \/>\n<meta property=\"og:description\" content=\"Kim jeste\u015bmy AMB Service Auto-Mechanika ul. Bochniewicza 55a, 38-340 Biecz e-mail:\u00a0kontakt@mechanikbiecz.pl www:\u00a0www.mechanikbiecz.pl sklep internetowy: www.sklep.mechanikbiecz.pl tel.: 13 447 14 48 kom.: 601-339-443 Jakie dane osobiste zbieramy i dlaczego je zbieramy Podczas przegl\u0105dania naszej witryny, b\u0119dziemy zbiera\u0107 nast\u0119puj\u0105ce informacje: Przegl\u0105dane produkty: u\u017cyjemy tych informacji, aby na przyk\u0142ad pokaza\u0107 ci ostatnio ogl\u0105dane produkty Lokalizacja, adres IP i [&hellip;]\" \/>\n<meta property=\"og:url\" content=\"https:\/\/mechanikbiecz.pl\/sklep\/polityka-prywatnosci\/\" \/>\n<meta property=\"og:site_name\" content=\"Sklep AMB Service\" \/>\n<meta property=\"article:modified_time\" content=\"2018-06-11T18:59:34+00:00\" \/>\n<meta name=\"twitter:label1\" content=\"Szacowany czas czytania\" \/>\n\t<meta name=\"twitter:data1\" content=\"4 minuty\" \/>\n<script type=\"application\/ld+json\" class=\"yoast-schema-graph\">{\"@context\":\"https:\/\/schema.org\",\"@graph\":[{\"@type\":\"WebPage\",\"@id\":\"https:\/\/mechanikbiecz.pl\/sklep\/polityka-prywatnosci\/\",\"url\":\"https:\/\/mechanikbiecz.pl\/sklep\/polityka-prywatnosci\/\",\"name\":\"Polityka prywatno\u015bci &#8226; Sklep AMB Service\",\"isPartOf\":{\"@id\":\"https:\/\/mechanikbiecz.pl\/sklep\/#website\"},\"datePublished\":\"2018-06-11T07:34:49+00:00\",\"dateModified\":\"2018-06-11T18:59:34+00:00\",\"breadcrumb\":{\"@id\":\"https:\/\/mechanikbiecz.pl\/sklep\/polityka-prywatnosci\/#breadcrumb\"},\"inLanguage\":\"pl-PL\",\"potentialAction\":[{\"@type\":\"ReadAction\",\"target\":[\"https:\/\/mechanikbiecz.pl\/sklep\/polityka-prywatnosci\/\"]}]},{\"@type\":\"BreadcrumbList\",\"@id\":\"https:\/\/mechanikbiecz.pl\/sklep\/polityka-prywatnosci\/#breadcrumb\",\"itemListElement\":[{\"@type\":\"ListItem\",\"position\":1,\"name\":\"Strona g\u0142\u00f3wna\",\"item\":\"https:\/\/mechanikbiecz.pl\/sklep\/\"},{\"@type\":\"ListItem\",\"position\":2,\"name\":\"Polityka prywatno\u015bci\"}]},{\"@type\":\"WebSite\",\"@id\":\"https:\/\/mechanikbiecz.pl\/sklep\/#website\",\"url\":\"https:\/\/mechanikbiecz.pl\/sklep\/\",\"name\":\"Sklep AMB Service\",\"description\":\"Wszystko dla auta!\",\"potentialAction\":[{\"@type\":\"SearchAction\",\"target\":{\"@type\":\"EntryPoint\",\"urlTemplate\":\"https:\/\/mechanikbiecz.pl\/sklep\/?s={search_term_string}\"},\"query-input\":{\"@type\":\"PropertyValueSpecification\",\"valueRequired\":true,\"valueName\":\"search_term_string\"}}],\"inLanguage\":\"pl-PL\"}]}<\/script>\n<!-- \/ Yoast SEO plugin. -->","yoast_head_json":{"title":"Polityka prywatno\u015bci &#8226; Sklep AMB Service","robots":{"index":"index","follow":"follow","max-snippet":"max-snippet:-1","max-image-preview":"max-image-preview:large","max-video-preview":"max-video-preview:-1"},"canonical":"https:\/\/mechanikbiecz.pl\/sklep\/polityka-prywatnosci\/","og_locale":"pl_PL","og_type":"article","og_title":"Polityka prywatno\u015bci &#8226; Sklep AMB Service","og_description":"Kim jeste\u015bmy AMB Service Auto-Mechanika ul. Bochniewicza 55a, 38-340 Biecz e-mail:\u00a0kontakt@mechanikbiecz.pl www:\u00a0www.mechanikbiecz.pl sklep internetowy: www.sklep.mechanikbiecz.pl tel.: 13 447 14 48 kom.: 601-339-443 Jakie dane osobiste zbieramy i dlaczego je zbieramy Podczas przegl\u0105dania naszej witryny, b\u0119dziemy zbiera\u0107 nast\u0119puj\u0105ce informacje: Przegl\u0105dane produkty: u\u017cyjemy tych informacji, aby na przyk\u0142ad pokaza\u0107 ci ostatnio ogl\u0105dane produkty Lokalizacja, adres IP i [&hellip;]","og_url":"https:\/\/mechanikbiecz.pl\/sklep\/polityka-prywatnosci\/","og_site_name":"Sklep AMB Service","article_modified_time":"2018-06-11T18:59:34+00:00","twitter_misc":{"Szacowany czas czytania":"4 minuty"},"schema":{"@context":"https:\/\/schema.org","@graph":[{"@type":"WebPage","@id":"https:\/\/mechanikbiecz.pl\/sklep\/polityka-prywatnosci\/","url":"https:\/\/mechanikbiecz.pl\/sklep\/polityka-prywatnosci\/","name":"Polityka prywatno\u015bci &#8226; Sklep AMB Service","isPartOf":{"@id":"https:\/\/mechanikbiecz.pl\/sklep\/#website"},"datePublished":"2018-06-11T07:34:49+00:00","dateModified":"2018-06-11T18:59:34+00:00","breadcrumb":{"@id":"https:\/\/mechanikbiecz.pl\/sklep\/polityka-prywatnosci\/#breadcrumb"},"inLanguage":"pl-PL","potentialAction":[{"@type":"ReadAction","target":["https:\/\/mechanikbiecz.pl\/sklep\/polityka-prywatnosci\/"]}]},{"@type":"BreadcrumbList","@id":"https:\/\/mechanikbiecz.pl\/sklep\/polityka-prywatnosci\/#breadcrumb","itemListElement":[{"@type":"ListItem","position":1,"name":"Strona g\u0142\u00f3wna","item":"https:\/\/mechanikbiecz.pl\/sklep\/"},{"@type":"ListItem","position":2,"name":"Polityka prywatno\u015bci"}]},{"@type":"WebSite","@id":"https:\/\/mechanikbiecz.pl\/sklep\/#website","url":"https:\/\/mechanikbiecz.pl\/sklep\/","name":"Sklep AMB Service","description":"Wszystko dla auta!","potentialAction":[{"@type":"SearchAction","target":{"@type":"EntryPoint","urlTemplate":"https:\/\/mechanikbiecz.pl\/sklep\/?s={search_term_string}"},"query-input":{"@type":"PropertyValueSpecification","valueRequired":true,"valueName":"search_term_string"}}],"inLanguage":"pl-PL"}]}},"_links":{"self":[{"href":"https:\/\/mechanikbiecz.pl\/sklep\/wp-json\/wp\/v2\/pages\/786","targetHints":{"allow":["GET"]}}],"collection":[{"href":"https:\/\/mechanikbiecz.pl\/sklep\/wp-json\/wp\/v2\/pages"}],"about":[{"href":"https:\/\/mechanikbiecz.pl\/sklep\/wp-json\/wp\/v2\/types\/page"}],"author":[{"embeddable":true,"href":"https:\/\/mechanikbiecz.pl\/sklep\/wp-json\/wp\/v2\/users\/1"}],"replies":[{"embeddable":true,"href":"https:\/\/mechanikbiecz.pl\/sklep\/wp-json\/wp\/v2\/comments?post=786"}],"version-history":[{"count":4,"href":"https:\/\/mechanikbiecz.pl\/sklep\/wp-json\/wp\/v2\/pages\/786\/revisions"}],"predecessor-version":[{"id":790,"href":"https:\/\/mechanikbiecz.pl\/sklep\/wp-json\/wp\/v2\/pages\/786\/revisions\/790"}],"wp:attachment":[{"href":"https:\/\/mechanikbiecz.pl\/sklep\/wp-json\/wp\/v2\/media?parent=786"}],"curies":[{"name":"wp","href":"https:\/\/api.w.org\/{rel}","templated":true}]}}