{"id":17491,"date":"2021-11-08T15:06:40","date_gmt":"2021-11-08T15:06:40","guid":{"rendered":"https:\/\/mechanikbiecz.pl\/sklep\/?post_type=product&#038;p=17491"},"modified":"2022-12-27T09:23:51","modified_gmt":"2022-12-27T09:23:51","slug":"filtr-oleju-op-586","status":"publish","type":"product","link":"https:\/\/mechanikbiecz.pl\/sklep\/produkt\/filtr-oleju-op-586\/","title":{"rendered":"Filtr oleju OP 586"},"content":{"rendered":"","protected":false},"excerpt":{"rendered":"<p>Kod: OP 586<\/p>\n<p><span class=\"attLeft\">Wymiar gwintu: <\/span><span class=\"attRight\">M 20 x 1,5<\/span><\/p>\n<p><span class=\"attLeft\">Rodzaj filtra :<\/span><span class=\"attRight\">Filtr przykr\u0119cany<\/span><\/p>\n<p><span class=\"attLeft\">Wysoko\u015b\u0107 :[mm]60,50<\/span><\/p>\n<p><span class=\"attLeft\">\u015arednica zewn\u0119trzna [mm]: 93<\/span><\/p>\n<p><span class=\"attLeft\">\u015arednica 1: [mm]<\/span><span class=\"attRight\">62,5<\/span><\/p>\n<p>Zastosowanie:<\/p>\n<ul id=\"dZastosowanie\" class=\"tabInner-2\">\n<li id=\"mar1\">\n<h5><span id=\"span_mod1\" class=\"icon-plus-circle\">\u00a0AIXAM<\/span><\/h5>\n<\/li>\n<li id=\"mar2\">\n<h5><span id=\"span_mod2\" class=\"icon-plus-circle\">\u00a0ALFA ROMEO<\/span><\/h5>\n<\/li>\n<li id=\"mar3\">\n<h5><span id=\"span_mod3\" class=\"icon-plus-circle\">\u00a0DACIA<\/span><\/h5>\n<\/li>\n<li id=\"mar4\">\n<h5><span id=\"span_mod4\" class=\"icon-plus-circle\">\u00a0JEEP<\/span><\/h5>\n<\/li>\n<li id=\"mar5\">\n<h5><span id=\"span_mod5\" class=\"icon-plus-circle\">\u00a0LADA<\/span><\/h5>\n<\/li>\n<li id=\"mar6\">\n<h5><span id=\"span_mod6\" class=\"icon-plus-circle\">\u00a0MITSUBISHI<\/span><\/h5>\n<\/li>\n<li id=\"mar7\">\n<h5><span id=\"span_mod7\" class=\"icon-plus-circle\">\u00a0NISSAN<\/span><\/h5>\n<\/li>\n<li id=\"mar8\">\n<h5><span id=\"span_mod8\" class=\"icon-plus-circle\">\u00a0OPEL<\/span><\/h5>\n<\/li>\n<li id=\"mar9\">\n<h5><span id=\"span_mod9\" class=\"icon-plus-circle\">\u00a0PEUGEOT<\/span><\/h5>\n<\/li>\n<\/ul>\n","protected":false},"featured_media":16941,"comment_status":"closed","ping_status":"closed","template":"","meta":{"_exactmetrics_skip_tracking":false,"_exactmetrics_sitenote_active":false,"_exactmetrics_sitenote_note":"","_exactmetrics_sitenote_category":0},"product_cat":[1872],"product_tag":[],"class_list":{"0":"post-17491","1":"product","2":"type-product","3":"status-publish","4":"has-post-thumbnail","6":"product_cat-filtry-olejupaliwapowietrzaklimatyzacji","8":"first","9":"instock","10":"taxable","11":"shipping-taxable","12":"purchasable","13":"product-type-simple"},"yoast_head":"<!-- This site is optimized with the Yoast SEO plugin v23.9 - https:\/\/yoast.com\/wordpress\/plugins\/seo\/ -->\n<title>Filtr oleju OP 586 &#8226; Sklep AMB Service<\/title>\n<meta name=\"robots\" content=\"index, follow, max-snippet:-1, max-image-preview:large, max-video-preview:-1\" \/>\n<link rel=\"canonical\" href=\"https:\/\/mechanikbiecz.pl\/sklep\/produkt\/filtr-oleju-op-586\/\" \/>\n<meta property=\"og:locale\" content=\"pl_PL\" \/>\n<meta property=\"og:type\" content=\"article\" \/>\n<meta property=\"og:title\" content=\"Filtr oleju OP 586 &#8226; Sklep AMB Service\" \/>\n<meta property=\"og:description\" content=\"Kod: OP 586  Wymiar gwintu: M 20 x 1,5  Rodzaj filtra :Filtr przykr\u0119cany  Wysoko\u015b\u0107 :[mm]60,50  \u015arednica zewn\u0119trzna [mm]: 93  \u015arednica 1: [mm]62,5  Zastosowanie:    \u00a0AIXAM    \u00a0ALFA ROMEO    \u00a0DACIA    \u00a0JEEP    \u00a0LADA    \u00a0MITSUBISHI    \u00a0NISSAN    \u00a0OPEL    \u00a0PEUGEOT\" \/>\n<meta property=\"og:url\" content=\"https:\/\/mechanikbiecz.pl\/sklep\/produkt\/filtr-oleju-op-586\/\" \/>\n<meta property=\"og:site_name\" content=\"Sklep AMB Service\" \/>\n<meta property=\"article:modified_time\" content=\"2022-12-27T09:23:51+00:00\" \/>\n<meta property=\"og:image\" content=\"https:\/\/mechanikbiecz.pl\/sklep\/wp-content\/uploads\/2021\/10\/20211015_111245-scaled.jpg\" \/>\n\t<meta property=\"og:image:width\" content=\"1920\" \/>\n\t<meta property=\"og:image:height\" content=\"876\" \/>\n\t<meta property=\"og:image:type\" content=\"image\/jpeg\" \/>\n<script type=\"application\/ld+json\" class=\"yoast-schema-graph\">{\"@context\":\"https:\/\/schema.org\",\"@graph\":[{\"@type\":\"WebPage\",\"@id\":\"https:\/\/mechanikbiecz.pl\/sklep\/produkt\/filtr-oleju-op-586\/\",\"url\":\"https:\/\/mechanikbiecz.pl\/sklep\/produkt\/filtr-oleju-op-586\/\",\"name\":\"Filtr oleju OP 586 &#8226; Sklep AMB Service\",\"isPartOf\":{\"@id\":\"https:\/\/mechanikbiecz.pl\/sklep\/#website\"},\"primaryImageOfPage\":{\"@id\":\"https:\/\/mechanikbiecz.pl\/sklep\/produkt\/filtr-oleju-op-586\/#primaryimage\"},\"image\":{\"@id\":\"https:\/\/mechanikbiecz.pl\/sklep\/produkt\/filtr-oleju-op-586\/#primaryimage\"},\"thumbnailUrl\":\"https:\/\/mechanikbiecz.pl\/sklep\/wp-content\/uploads\/2021\/10\/20211015_111245-scaled.jpg\",\"datePublished\":\"2021-11-08T15:06:40+00:00\",\"dateModified\":\"2022-12-27T09:23:51+00:00\",\"breadcrumb\":{\"@id\":\"https:\/\/mechanikbiecz.pl\/sklep\/produkt\/filtr-oleju-op-586\/#breadcrumb\"},\"inLanguage\":\"pl-PL\",\"potentialAction\":[{\"@type\":\"ReadAction\",\"target\":[\"https:\/\/mechanikbiecz.pl\/sklep\/produkt\/filtr-oleju-op-586\/\"]}]},{\"@type\":\"ImageObject\",\"inLanguage\":\"pl-PL\",\"@id\":\"https:\/\/mechanikbiecz.pl\/sklep\/produkt\/filtr-oleju-op-586\/#primaryimage\",\"url\":\"https:\/\/mechanikbiecz.pl\/sklep\/wp-content\/uploads\/2021\/10\/20211015_111245-scaled.jpg\",\"contentUrl\":\"https:\/\/mechanikbiecz.pl\/sklep\/wp-content\/uploads\/2021\/10\/20211015_111245-scaled.jpg\",\"width\":1920,\"height\":876,\"caption\":\"Filtr oleju\"},{\"@type\":\"BreadcrumbList\",\"@id\":\"https:\/\/mechanikbiecz.pl\/sklep\/produkt\/filtr-oleju-op-586\/#breadcrumb\",\"itemListElement\":[{\"@type\":\"ListItem\",\"position\":1,\"name\":\"Strona g\u0142\u00f3wna\",\"item\":\"https:\/\/mechanikbiecz.pl\/sklep\/\"},{\"@type\":\"ListItem\",\"position\":2,\"name\":\"Kategorie\",\"item\":\"https:\/\/mechanikbiecz.pl\/sklep\/\"},{\"@type\":\"ListItem\",\"position\":3,\"name\":\"Filtr oleju OP 586\"}]},{\"@type\":\"WebSite\",\"@id\":\"https:\/\/mechanikbiecz.pl\/sklep\/#website\",\"url\":\"https:\/\/mechanikbiecz.pl\/sklep\/\",\"name\":\"Sklep AMB Service\",\"description\":\"Wszystko dla auta!\",\"potentialAction\":[{\"@type\":\"SearchAction\",\"target\":{\"@type\":\"EntryPoint\",\"urlTemplate\":\"https:\/\/mechanikbiecz.pl\/sklep\/?s={search_term_string}\"},\"query-input\":{\"@type\":\"PropertyValueSpecification\",\"valueRequired\":true,\"valueName\":\"search_term_string\"}}],\"inLanguage\":\"pl-PL\"}]}<\/script>\n<!-- \/ Yoast SEO plugin. -->","yoast_head_json":{"title":"Filtr oleju OP 586 &#8226; Sklep AMB Service","robots":{"index":"index","follow":"follow","max-snippet":"max-snippet:-1","max-image-preview":"max-image-preview:large","max-video-preview":"max-video-preview:-1"},"canonical":"https:\/\/mechanikbiecz.pl\/sklep\/produkt\/filtr-oleju-op-586\/","og_locale":"pl_PL","og_type":"article","og_title":"Filtr oleju OP 586 &#8226; Sklep AMB Service","og_description":"Kod: OP 586  Wymiar gwintu: M 20 x 1,5  Rodzaj filtra :Filtr przykr\u0119cany  Wysoko\u015b\u0107 :[mm]60,50  \u015arednica zewn\u0119trzna [mm]: 93  \u015arednica 1: [mm]62,5  Zastosowanie:    \u00a0AIXAM    \u00a0ALFA ROMEO    \u00a0DACIA    \u00a0JEEP    \u00a0LADA    \u00a0MITSUBISHI    \u00a0NISSAN    \u00a0OPEL    \u00a0PEUGEOT","og_url":"https:\/\/mechanikbiecz.pl\/sklep\/produkt\/filtr-oleju-op-586\/","og_site_name":"Sklep AMB Service","article_modified_time":"2022-12-27T09:23:51+00:00","og_image":[{"width":1920,"height":876,"url":"https:\/\/mechanikbiecz.pl\/sklep\/wp-content\/uploads\/2021\/10\/20211015_111245-scaled.jpg","type":"image\/jpeg"}],"schema":{"@context":"https:\/\/schema.org","@graph":[{"@type":"WebPage","@id":"https:\/\/mechanikbiecz.pl\/sklep\/produkt\/filtr-oleju-op-586\/","url":"https:\/\/mechanikbiecz.pl\/sklep\/produkt\/filtr-oleju-op-586\/","name":"Filtr oleju OP 586 &#8226; Sklep AMB Service","isPartOf":{"@id":"https:\/\/mechanikbiecz.pl\/sklep\/#website"},"primaryImageOfPage":{"@id":"https:\/\/mechanikbiecz.pl\/sklep\/produkt\/filtr-oleju-op-586\/#primaryimage"},"image":{"@id":"https:\/\/mechanikbiecz.pl\/sklep\/produkt\/filtr-oleju-op-586\/#primaryimage"},"thumbnailUrl":"https:\/\/mechanikbiecz.pl\/sklep\/wp-content\/uploads\/2021\/10\/20211015_111245-scaled.jpg","datePublished":"2021-11-08T15:06:40+00:00","dateModified":"2022-12-27T09:23:51+00:00","breadcrumb":{"@id":"https:\/\/mechanikbiecz.pl\/sklep\/produkt\/filtr-oleju-op-586\/#breadcrumb"},"inLanguage":"pl-PL","potentialAction":[{"@type":"ReadAction","target":["https:\/\/mechanikbiecz.pl\/sklep\/produkt\/filtr-oleju-op-586\/"]}]},{"@type":"ImageObject","inLanguage":"pl-PL","@id":"https:\/\/mechanikbiecz.pl\/sklep\/produkt\/filtr-oleju-op-586\/#primaryimage","url":"https:\/\/mechanikbiecz.pl\/sklep\/wp-content\/uploads\/2021\/10\/20211015_111245-scaled.jpg","contentUrl":"https:\/\/mechanikbiecz.pl\/sklep\/wp-content\/uploads\/2021\/10\/20211015_111245-scaled.jpg","width":1920,"height":876,"caption":"Filtr oleju"},{"@type":"BreadcrumbList","@id":"https:\/\/mechanikbiecz.pl\/sklep\/produkt\/filtr-oleju-op-586\/#breadcrumb","itemListElement":[{"@type":"ListItem","position":1,"name":"Strona g\u0142\u00f3wna","item":"https:\/\/mechanikbiecz.pl\/sklep\/"},{"@type":"ListItem","position":2,"name":"Kategorie","item":"https:\/\/mechanikbiecz.pl\/sklep\/"},{"@type":"ListItem","position":3,"name":"Filtr oleju OP 586"}]},{"@type":"WebSite","@id":"https:\/\/mechanikbiecz.pl\/sklep\/#website","url":"https:\/\/mechanikbiecz.pl\/sklep\/","name":"Sklep AMB Service","description":"Wszystko dla auta!","potentialAction":[{"@type":"SearchAction","target":{"@type":"EntryPoint","urlTemplate":"https:\/\/mechanikbiecz.pl\/sklep\/?s={search_term_string}"},"query-input":{"@type":"PropertyValueSpecification","valueRequired":true,"valueName":"search_term_string"}}],"inLanguage":"pl-PL"}]}},"_links":{"self":[{"href":"https:\/\/mechanikbiecz.pl\/sklep\/wp-json\/wp\/v2\/product\/17491","targetHints":{"allow":["GET"]}}],"collection":[{"href":"https:\/\/mechanikbiecz.pl\/sklep\/wp-json\/wp\/v2\/product"}],"about":[{"href":"https:\/\/mechanikbiecz.pl\/sklep\/wp-json\/wp\/v2\/types\/product"}],"replies":[{"embeddable":true,"href":"https:\/\/mechanikbiecz.pl\/sklep\/wp-json\/wp\/v2\/comments?post=17491"}],"wp:featuredmedia":[{"embeddable":true,"href":"https:\/\/mechanikbiecz.pl\/sklep\/wp-json\/wp\/v2\/media\/16941"}],"wp:attachment":[{"href":"https:\/\/mechanikbiecz.pl\/sklep\/wp-json\/wp\/v2\/media?parent=17491"}],"wp:term":[{"taxonomy":"product_cat","embeddable":true,"href":"https:\/\/mechanikbiecz.pl\/sklep\/wp-json\/wp\/v2\/product_cat?post=17491"},{"taxonomy":"product_tag","embeddable":true,"href":"https:\/\/mechanikbiecz.pl\/sklep\/wp-json\/wp\/v2\/product_tag?post=17491"}],"curies":[{"name":"wp","href":"https:\/\/api.w.org\/{rel}","templated":true}]}}