{"id":17494,"date":"2021-11-08T15:35:50","date_gmt":"2021-11-08T15:35:50","guid":{"rendered":"https:\/\/mechanikbiecz.pl\/sklep\/?post_type=product&#038;p=17494"},"modified":"2021-11-08T15:35:50","modified_gmt":"2021-11-08T15:35:50","slug":"filtr-oleju-op-647-3","status":"publish","type":"product","link":"https:\/\/mechanikbiecz.pl\/sklep\/produkt\/filtr-oleju-op-647-3\/","title":{"rendered":"Filtr oleju OP 647\/3"},"content":{"rendered":"","protected":false},"excerpt":{"rendered":"<p>Kod: OP 647\/3<\/p>\n<div class=\"attContainer\"><span class=\"attLeft\">Wysoko\u015b\u0107:<\/span><span class=\"attRight\">132 [mm]<\/span><\/div>\n<div class=\"attContainer\"><span class=\"attLeft\">\u015arednica uszczelnienia wewn\u0119trzna:<\/span><span class=\"attRight\">63 [mm]<\/span><\/div>\n<div class=\"attContainer\"><span class=\"attLeft\">Ilo\u015b\u0107 zwoi na cal:<\/span><span class=\"attRight\">16UNF<\/span><\/div>\n<div class=\"attContainer\"><span class=\"attLeft\">Wymiar gwintu w calach:<\/span><span class=\"attRight\">13\/16 [cal]<\/span><\/div>\n<div class=\"attContainer\"><span class=\"attLeft\">\u015arednica zewn\u0119trzna:<\/span><span class=\"attRight\">94 [mm]<\/span><\/div>\n<div class=\"attContainer\"><span class=\"attLeft\">\u015arednica uszczelnienia zewn\u0119trzna:<\/span><span class=\"attRight\">72 [mm]<\/span><\/div>\n<div class=\"attContainer\"><span class=\"attLeft\">\u015arednica wewn\u0119trzna:<\/span><span class=\"attRight\">72,5 [mm]<\/span><\/div>\n<div class=\"attContainer\"><span class=\"attLeft\">Typ filtra:<\/span><span class=\"attRight\">przykr\u0119cany<\/span><\/div>\n<div class=\"attContainer\"><span class=\"attLeft\">\u015arednica wewn\u0119trzna 2:<\/span><span class=\"attRight\">63 [mm]<\/span><\/div>\n<div>Zastosowanie:<\/div>\n<div>JOHN DEERE<\/div>\n","protected":false},"featured_media":16937,"comment_status":"closed","ping_status":"closed","template":"","meta":{"_exactmetrics_skip_tracking":false,"_exactmetrics_sitenote_active":false,"_exactmetrics_sitenote_note":"","_exactmetrics_sitenote_category":0},"product_cat":[1872],"product_tag":[],"class_list":{"0":"post-17494","1":"product","2":"type-product","3":"status-publish","4":"has-post-thumbnail","6":"product_cat-filtry-olejupaliwapowietrzaklimatyzacji","8":"first","9":"instock","10":"taxable","11":"shipping-taxable","12":"purchasable","13":"product-type-simple"},"yoast_head":"<!-- This site is optimized with the Yoast SEO plugin v23.9 - https:\/\/yoast.com\/wordpress\/plugins\/seo\/ -->\n<title>Filtr oleju OP 647\/3 &#8226; Sklep AMB Service<\/title>\n<meta name=\"robots\" content=\"index, follow, max-snippet:-1, max-image-preview:large, max-video-preview:-1\" \/>\n<link rel=\"canonical\" href=\"https:\/\/mechanikbiecz.pl\/sklep\/produkt\/filtr-oleju-op-647-3\/\" \/>\n<meta property=\"og:locale\" content=\"pl_PL\" \/>\n<meta property=\"og:type\" content=\"article\" \/>\n<meta property=\"og:title\" content=\"Filtr oleju OP 647\/3 &#8226; Sklep AMB Service\" \/>\n<meta property=\"og:description\" content=\"Kod: OP 647\/3 Wysoko\u015b\u0107:132 [mm] \u015arednica uszczelnienia wewn\u0119trzna:63 [mm] Ilo\u015b\u0107 zwoi na cal:16UNF Wymiar gwintu w calach:13\/16 [cal] \u015arednica zewn\u0119trzna:94 [mm] \u015arednica uszczelnienia zewn\u0119trzna:72 [mm] \u015arednica wewn\u0119trzna:72,5 [mm] Typ filtra:przykr\u0119cany \u015arednica wewn\u0119trzna 2:63 [mm] Zastosowanie: JOHN DEERE\" \/>\n<meta property=\"og:url\" content=\"https:\/\/mechanikbiecz.pl\/sklep\/produkt\/filtr-oleju-op-647-3\/\" \/>\n<meta property=\"og:site_name\" content=\"Sklep AMB Service\" \/>\n<meta property=\"og:image\" content=\"https:\/\/mechanikbiecz.pl\/sklep\/wp-content\/uploads\/2021\/10\/20211015_110836-scaled.jpg\" \/>\n\t<meta property=\"og:image:width\" content=\"1908\" \/>\n\t<meta property=\"og:image:height\" content=\"1080\" \/>\n\t<meta property=\"og:image:type\" content=\"image\/jpeg\" \/>\n<script type=\"application\/ld+json\" class=\"yoast-schema-graph\">{\"@context\":\"https:\/\/schema.org\",\"@graph\":[{\"@type\":\"WebPage\",\"@id\":\"https:\/\/mechanikbiecz.pl\/sklep\/produkt\/filtr-oleju-op-647-3\/\",\"url\":\"https:\/\/mechanikbiecz.pl\/sklep\/produkt\/filtr-oleju-op-647-3\/\",\"name\":\"Filtr oleju OP 647\/3 &#8226; Sklep AMB Service\",\"isPartOf\":{\"@id\":\"https:\/\/mechanikbiecz.pl\/sklep\/#website\"},\"primaryImageOfPage\":{\"@id\":\"https:\/\/mechanikbiecz.pl\/sklep\/produkt\/filtr-oleju-op-647-3\/#primaryimage\"},\"image\":{\"@id\":\"https:\/\/mechanikbiecz.pl\/sklep\/produkt\/filtr-oleju-op-647-3\/#primaryimage\"},\"thumbnailUrl\":\"https:\/\/mechanikbiecz.pl\/sklep\/wp-content\/uploads\/2021\/10\/20211015_110836-scaled.jpg\",\"datePublished\":\"2021-11-08T15:35:50+00:00\",\"dateModified\":\"2021-11-08T15:35:50+00:00\",\"breadcrumb\":{\"@id\":\"https:\/\/mechanikbiecz.pl\/sklep\/produkt\/filtr-oleju-op-647-3\/#breadcrumb\"},\"inLanguage\":\"pl-PL\",\"potentialAction\":[{\"@type\":\"ReadAction\",\"target\":[\"https:\/\/mechanikbiecz.pl\/sklep\/produkt\/filtr-oleju-op-647-3\/\"]}]},{\"@type\":\"ImageObject\",\"inLanguage\":\"pl-PL\",\"@id\":\"https:\/\/mechanikbiecz.pl\/sklep\/produkt\/filtr-oleju-op-647-3\/#primaryimage\",\"url\":\"https:\/\/mechanikbiecz.pl\/sklep\/wp-content\/uploads\/2021\/10\/20211015_110836-scaled.jpg\",\"contentUrl\":\"https:\/\/mechanikbiecz.pl\/sklep\/wp-content\/uploads\/2021\/10\/20211015_110836-scaled.jpg\",\"width\":1908,\"height\":1080,\"caption\":\"Filtr oleju\"},{\"@type\":\"BreadcrumbList\",\"@id\":\"https:\/\/mechanikbiecz.pl\/sklep\/produkt\/filtr-oleju-op-647-3\/#breadcrumb\",\"itemListElement\":[{\"@type\":\"ListItem\",\"position\":1,\"name\":\"Strona g\u0142\u00f3wna\",\"item\":\"https:\/\/mechanikbiecz.pl\/sklep\/\"},{\"@type\":\"ListItem\",\"position\":2,\"name\":\"Kategorie\",\"item\":\"https:\/\/mechanikbiecz.pl\/sklep\/\"},{\"@type\":\"ListItem\",\"position\":3,\"name\":\"Filtr oleju OP 647\/3\"}]},{\"@type\":\"WebSite\",\"@id\":\"https:\/\/mechanikbiecz.pl\/sklep\/#website\",\"url\":\"https:\/\/mechanikbiecz.pl\/sklep\/\",\"name\":\"Sklep AMB Service\",\"description\":\"Wszystko dla auta!\",\"potentialAction\":[{\"@type\":\"SearchAction\",\"target\":{\"@type\":\"EntryPoint\",\"urlTemplate\":\"https:\/\/mechanikbiecz.pl\/sklep\/?s={search_term_string}\"},\"query-input\":{\"@type\":\"PropertyValueSpecification\",\"valueRequired\":true,\"valueName\":\"search_term_string\"}}],\"inLanguage\":\"pl-PL\"}]}<\/script>\n<!-- \/ Yoast SEO plugin. -->","yoast_head_json":{"title":"Filtr oleju OP 647\/3 &#8226; Sklep AMB Service","robots":{"index":"index","follow":"follow","max-snippet":"max-snippet:-1","max-image-preview":"max-image-preview:large","max-video-preview":"max-video-preview:-1"},"canonical":"https:\/\/mechanikbiecz.pl\/sklep\/produkt\/filtr-oleju-op-647-3\/","og_locale":"pl_PL","og_type":"article","og_title":"Filtr oleju OP 647\/3 &#8226; Sklep AMB Service","og_description":"Kod: OP 647\/3 Wysoko\u015b\u0107:132 [mm] \u015arednica uszczelnienia wewn\u0119trzna:63 [mm] Ilo\u015b\u0107 zwoi na cal:16UNF Wymiar gwintu w calach:13\/16 [cal] \u015arednica zewn\u0119trzna:94 [mm] \u015arednica uszczelnienia zewn\u0119trzna:72 [mm] \u015arednica wewn\u0119trzna:72,5 [mm] Typ filtra:przykr\u0119cany \u015arednica wewn\u0119trzna 2:63 [mm] Zastosowanie: JOHN DEERE","og_url":"https:\/\/mechanikbiecz.pl\/sklep\/produkt\/filtr-oleju-op-647-3\/","og_site_name":"Sklep AMB Service","og_image":[{"width":1908,"height":1080,"url":"https:\/\/mechanikbiecz.pl\/sklep\/wp-content\/uploads\/2021\/10\/20211015_110836-scaled.jpg","type":"image\/jpeg"}],"schema":{"@context":"https:\/\/schema.org","@graph":[{"@type":"WebPage","@id":"https:\/\/mechanikbiecz.pl\/sklep\/produkt\/filtr-oleju-op-647-3\/","url":"https:\/\/mechanikbiecz.pl\/sklep\/produkt\/filtr-oleju-op-647-3\/","name":"Filtr oleju OP 647\/3 &#8226; Sklep AMB Service","isPartOf":{"@id":"https:\/\/mechanikbiecz.pl\/sklep\/#website"},"primaryImageOfPage":{"@id":"https:\/\/mechanikbiecz.pl\/sklep\/produkt\/filtr-oleju-op-647-3\/#primaryimage"},"image":{"@id":"https:\/\/mechanikbiecz.pl\/sklep\/produkt\/filtr-oleju-op-647-3\/#primaryimage"},"thumbnailUrl":"https:\/\/mechanikbiecz.pl\/sklep\/wp-content\/uploads\/2021\/10\/20211015_110836-scaled.jpg","datePublished":"2021-11-08T15:35:50+00:00","dateModified":"2021-11-08T15:35:50+00:00","breadcrumb":{"@id":"https:\/\/mechanikbiecz.pl\/sklep\/produkt\/filtr-oleju-op-647-3\/#breadcrumb"},"inLanguage":"pl-PL","potentialAction":[{"@type":"ReadAction","target":["https:\/\/mechanikbiecz.pl\/sklep\/produkt\/filtr-oleju-op-647-3\/"]}]},{"@type":"ImageObject","inLanguage":"pl-PL","@id":"https:\/\/mechanikbiecz.pl\/sklep\/produkt\/filtr-oleju-op-647-3\/#primaryimage","url":"https:\/\/mechanikbiecz.pl\/sklep\/wp-content\/uploads\/2021\/10\/20211015_110836-scaled.jpg","contentUrl":"https:\/\/mechanikbiecz.pl\/sklep\/wp-content\/uploads\/2021\/10\/20211015_110836-scaled.jpg","width":1908,"height":1080,"caption":"Filtr oleju"},{"@type":"BreadcrumbList","@id":"https:\/\/mechanikbiecz.pl\/sklep\/produkt\/filtr-oleju-op-647-3\/#breadcrumb","itemListElement":[{"@type":"ListItem","position":1,"name":"Strona g\u0142\u00f3wna","item":"https:\/\/mechanikbiecz.pl\/sklep\/"},{"@type":"ListItem","position":2,"name":"Kategorie","item":"https:\/\/mechanikbiecz.pl\/sklep\/"},{"@type":"ListItem","position":3,"name":"Filtr oleju OP 647\/3"}]},{"@type":"WebSite","@id":"https:\/\/mechanikbiecz.pl\/sklep\/#website","url":"https:\/\/mechanikbiecz.pl\/sklep\/","name":"Sklep AMB Service","description":"Wszystko dla auta!","potentialAction":[{"@type":"SearchAction","target":{"@type":"EntryPoint","urlTemplate":"https:\/\/mechanikbiecz.pl\/sklep\/?s={search_term_string}"},"query-input":{"@type":"PropertyValueSpecification","valueRequired":true,"valueName":"search_term_string"}}],"inLanguage":"pl-PL"}]}},"_links":{"self":[{"href":"https:\/\/mechanikbiecz.pl\/sklep\/wp-json\/wp\/v2\/product\/17494","targetHints":{"allow":["GET"]}}],"collection":[{"href":"https:\/\/mechanikbiecz.pl\/sklep\/wp-json\/wp\/v2\/product"}],"about":[{"href":"https:\/\/mechanikbiecz.pl\/sklep\/wp-json\/wp\/v2\/types\/product"}],"replies":[{"embeddable":true,"href":"https:\/\/mechanikbiecz.pl\/sklep\/wp-json\/wp\/v2\/comments?post=17494"}],"wp:featuredmedia":[{"embeddable":true,"href":"https:\/\/mechanikbiecz.pl\/sklep\/wp-json\/wp\/v2\/media\/16937"}],"wp:attachment":[{"href":"https:\/\/mechanikbiecz.pl\/sklep\/wp-json\/wp\/v2\/media?parent=17494"}],"wp:term":[{"taxonomy":"product_cat","embeddable":true,"href":"https:\/\/mechanikbiecz.pl\/sklep\/wp-json\/wp\/v2\/product_cat?post=17494"},{"taxonomy":"product_tag","embeddable":true,"href":"https:\/\/mechanikbiecz.pl\/sklep\/wp-json\/wp\/v2\/product_tag?post=17494"}],"curies":[{"name":"wp","href":"https:\/\/api.w.org\/{rel}","templated":true}]}}