{"id":18062,"date":"2023-09-15T18:28:59","date_gmt":"2023-09-15T18:28:59","guid":{"rendered":"https:\/\/mechanikbiecz.pl\/sklep\/?post_type=product&#038;p=18062"},"modified":"2023-11-03T08:12:48","modified_gmt":"2023-11-03T08:12:48","slug":"poduszka-silnika-p-skoda-octavia-ii-superb-ii-vw-caddy-iii-eos-golf","status":"publish","type":"product","link":"https:\/\/mechanikbiecz.pl\/sklep\/produkt\/poduszka-silnika-p-skoda-octavia-ii-superb-ii-vw-caddy-iii-eos-golf\/","title":{"rendered":"Poduszka silnika P SKODA OCTAVIA II, SUPERB II; VW CADDY III, EOS, GOLF. 1K0 199 262"},"content":{"rendered":"","protected":false},"excerpt":{"rendered":"<h5 class=\"prod-title\"><strong>Poduszka silnika P SKODA OCTAVIA II, SUPERB II; VW CADDY III, EOS, GOL<\/strong><\/h5>\n<p><strong>Parametry:<\/strong><\/p>\n<table style=\"height: 114px;\" width=\"774\" cellspacing=\"0\">\n<tbody>\n<tr>\n<td class=\"left\">\n<table style=\"height: 174px;\" width=\"594\" cellspacing=\"0\">\n<tbody>\n<tr>\n<td class=\"left\"><strong>dla numeru OE<\/strong><\/td>\n<td>1K0 199 262<\/td>\n<\/tr>\n<tr>\n<td class=\"left\"><strong> Rodzaj \u0142o\u017cyskowania<\/strong><\/td>\n<td>Hydro\u0142o\u017cysko<\/td>\n<\/tr>\n<tr>\n<td class=\"left\"><strong> Strona zabudowy<\/strong><\/td>\n<td>z prawej<\/td>\n<\/tr>\n<\/tbody>\n<\/table>\n<\/td>\n<td><\/td>\n<\/tr>\n<tr>\n<td class=\"left\"><\/td>\n<td><\/td>\n<\/tr>\n<tr>\n<td class=\"left\"><\/td>\n<td><\/td>\n<\/tr>\n<\/tbody>\n<\/table>\n","protected":false},"featured_media":18063,"comment_status":"closed","ping_status":"closed","template":"","meta":{"_exactmetrics_skip_tracking":false,"_exactmetrics_sitenote_active":false,"_exactmetrics_sitenote_note":"","_exactmetrics_sitenote_category":0},"product_cat":[526,28],"product_tag":[],"class_list":{"0":"post-18062","1":"product","2":"type-product","3":"status-publish","4":"has-post-thumbnail","6":"product_cat-silnik","7":"product_cat-skoda-octavia-ii","9":"first","10":"instock","11":"taxable","12":"shipping-taxable","13":"purchasable","14":"product-type-simple"},"yoast_head":"<!-- This site is optimized with the Yoast SEO plugin v23.9 - https:\/\/yoast.com\/wordpress\/plugins\/seo\/ -->\n<title>Poduszka silnika P SKODA OCTAVIA II, SUPERB II; VW CADDY III, EOS, GOLF. 1K0 199 262 &#8226; Sklep AMB Service<\/title>\n<meta name=\"robots\" content=\"index, follow, max-snippet:-1, max-image-preview:large, max-video-preview:-1\" \/>\n<link rel=\"canonical\" href=\"https:\/\/mechanikbiecz.pl\/sklep\/produkt\/poduszka-silnika-p-skoda-octavia-ii-superb-ii-vw-caddy-iii-eos-golf\/\" \/>\n<meta property=\"og:locale\" content=\"pl_PL\" \/>\n<meta property=\"og:type\" content=\"article\" \/>\n<meta property=\"og:title\" content=\"Poduszka silnika P SKODA OCTAVIA II, SUPERB II; VW CADDY III, EOS, GOLF. 1K0 199 262 &#8226; Sklep AMB Service\" \/>\n<meta property=\"og:description\" content=\"Poduszka silnika P SKODA OCTAVIA II, SUPERB II; VW CADDY III, EOS, GOL Parametry:        dla numeru OE 1K0 199 262    Rodzaj \u0142o\u017cyskowania Hydro\u0142o\u017cysko    Strona zabudowy z prawej\" \/>\n<meta property=\"og:url\" content=\"https:\/\/mechanikbiecz.pl\/sklep\/produkt\/poduszka-silnika-p-skoda-octavia-ii-superb-ii-vw-caddy-iii-eos-golf\/\" \/>\n<meta property=\"og:site_name\" content=\"Sklep AMB Service\" \/>\n<meta property=\"article:modified_time\" content=\"2023-11-03T08:12:48+00:00\" \/>\n<meta property=\"og:image\" content=\"https:\/\/mechanikbiecz.pl\/sklep\/wp-content\/uploads\/2023\/09\/100_1474-scaled.jpg\" \/>\n\t<meta property=\"og:image:width\" content=\"1440\" \/>\n\t<meta property=\"og:image:height\" content=\"1080\" \/>\n\t<meta property=\"og:image:type\" content=\"image\/jpeg\" \/>\n<script type=\"application\/ld+json\" class=\"yoast-schema-graph\">{\"@context\":\"https:\/\/schema.org\",\"@graph\":[{\"@type\":\"WebPage\",\"@id\":\"https:\/\/mechanikbiecz.pl\/sklep\/produkt\/poduszka-silnika-p-skoda-octavia-ii-superb-ii-vw-caddy-iii-eos-golf\/\",\"url\":\"https:\/\/mechanikbiecz.pl\/sklep\/produkt\/poduszka-silnika-p-skoda-octavia-ii-superb-ii-vw-caddy-iii-eos-golf\/\",\"name\":\"Poduszka silnika P SKODA OCTAVIA II, SUPERB II; VW CADDY III, EOS, GOLF. 1K0 199 262 &#8226; Sklep AMB Service\",\"isPartOf\":{\"@id\":\"https:\/\/mechanikbiecz.pl\/sklep\/#website\"},\"primaryImageOfPage\":{\"@id\":\"https:\/\/mechanikbiecz.pl\/sklep\/produkt\/poduszka-silnika-p-skoda-octavia-ii-superb-ii-vw-caddy-iii-eos-golf\/#primaryimage\"},\"image\":{\"@id\":\"https:\/\/mechanikbiecz.pl\/sklep\/produkt\/poduszka-silnika-p-skoda-octavia-ii-superb-ii-vw-caddy-iii-eos-golf\/#primaryimage\"},\"thumbnailUrl\":\"https:\/\/mechanikbiecz.pl\/sklep\/wp-content\/uploads\/2023\/09\/100_1474-scaled.jpg\",\"datePublished\":\"2023-09-15T18:28:59+00:00\",\"dateModified\":\"2023-11-03T08:12:48+00:00\",\"breadcrumb\":{\"@id\":\"https:\/\/mechanikbiecz.pl\/sklep\/produkt\/poduszka-silnika-p-skoda-octavia-ii-superb-ii-vw-caddy-iii-eos-golf\/#breadcrumb\"},\"inLanguage\":\"pl-PL\",\"potentialAction\":[{\"@type\":\"ReadAction\",\"target\":[\"https:\/\/mechanikbiecz.pl\/sklep\/produkt\/poduszka-silnika-p-skoda-octavia-ii-superb-ii-vw-caddy-iii-eos-golf\/\"]}]},{\"@type\":\"ImageObject\",\"inLanguage\":\"pl-PL\",\"@id\":\"https:\/\/mechanikbiecz.pl\/sklep\/produkt\/poduszka-silnika-p-skoda-octavia-ii-superb-ii-vw-caddy-iii-eos-golf\/#primaryimage\",\"url\":\"https:\/\/mechanikbiecz.pl\/sklep\/wp-content\/uploads\/2023\/09\/100_1474-scaled.jpg\",\"contentUrl\":\"https:\/\/mechanikbiecz.pl\/sklep\/wp-content\/uploads\/2023\/09\/100_1474-scaled.jpg\",\"width\":1440,\"height\":1080},{\"@type\":\"BreadcrumbList\",\"@id\":\"https:\/\/mechanikbiecz.pl\/sklep\/produkt\/poduszka-silnika-p-skoda-octavia-ii-superb-ii-vw-caddy-iii-eos-golf\/#breadcrumb\",\"itemListElement\":[{\"@type\":\"ListItem\",\"position\":1,\"name\":\"Strona g\u0142\u00f3wna\",\"item\":\"https:\/\/mechanikbiecz.pl\/sklep\/\"},{\"@type\":\"ListItem\",\"position\":2,\"name\":\"Kategorie\",\"item\":\"https:\/\/mechanikbiecz.pl\/sklep\/\"},{\"@type\":\"ListItem\",\"position\":3,\"name\":\"Poduszka silnika P SKODA OCTAVIA II, SUPERB II; VW CADDY III, EOS, GOLF. 1K0 199 262\"}]},{\"@type\":\"WebSite\",\"@id\":\"https:\/\/mechanikbiecz.pl\/sklep\/#website\",\"url\":\"https:\/\/mechanikbiecz.pl\/sklep\/\",\"name\":\"Sklep AMB Service\",\"description\":\"Wszystko dla auta!\",\"potentialAction\":[{\"@type\":\"SearchAction\",\"target\":{\"@type\":\"EntryPoint\",\"urlTemplate\":\"https:\/\/mechanikbiecz.pl\/sklep\/?s={search_term_string}\"},\"query-input\":{\"@type\":\"PropertyValueSpecification\",\"valueRequired\":true,\"valueName\":\"search_term_string\"}}],\"inLanguage\":\"pl-PL\"}]}<\/script>\n<!-- \/ Yoast SEO plugin. -->","yoast_head_json":{"title":"Poduszka silnika P SKODA OCTAVIA II, SUPERB II; VW CADDY III, EOS, GOLF. 1K0 199 262 &#8226; Sklep AMB Service","robots":{"index":"index","follow":"follow","max-snippet":"max-snippet:-1","max-image-preview":"max-image-preview:large","max-video-preview":"max-video-preview:-1"},"canonical":"https:\/\/mechanikbiecz.pl\/sklep\/produkt\/poduszka-silnika-p-skoda-octavia-ii-superb-ii-vw-caddy-iii-eos-golf\/","og_locale":"pl_PL","og_type":"article","og_title":"Poduszka silnika P SKODA OCTAVIA II, SUPERB II; VW CADDY III, EOS, GOLF. 1K0 199 262 &#8226; Sklep AMB Service","og_description":"Poduszka silnika P SKODA OCTAVIA II, SUPERB II; VW CADDY III, EOS, GOL Parametry:        dla numeru OE 1K0 199 262    Rodzaj \u0142o\u017cyskowania Hydro\u0142o\u017cysko    Strona zabudowy z prawej","og_url":"https:\/\/mechanikbiecz.pl\/sklep\/produkt\/poduszka-silnika-p-skoda-octavia-ii-superb-ii-vw-caddy-iii-eos-golf\/","og_site_name":"Sklep AMB Service","article_modified_time":"2023-11-03T08:12:48+00:00","og_image":[{"width":1440,"height":1080,"url":"https:\/\/mechanikbiecz.pl\/sklep\/wp-content\/uploads\/2023\/09\/100_1474-scaled.jpg","type":"image\/jpeg"}],"schema":{"@context":"https:\/\/schema.org","@graph":[{"@type":"WebPage","@id":"https:\/\/mechanikbiecz.pl\/sklep\/produkt\/poduszka-silnika-p-skoda-octavia-ii-superb-ii-vw-caddy-iii-eos-golf\/","url":"https:\/\/mechanikbiecz.pl\/sklep\/produkt\/poduszka-silnika-p-skoda-octavia-ii-superb-ii-vw-caddy-iii-eos-golf\/","name":"Poduszka silnika P SKODA OCTAVIA II, SUPERB II; VW CADDY III, EOS, GOLF. 1K0 199 262 &#8226; Sklep AMB Service","isPartOf":{"@id":"https:\/\/mechanikbiecz.pl\/sklep\/#website"},"primaryImageOfPage":{"@id":"https:\/\/mechanikbiecz.pl\/sklep\/produkt\/poduszka-silnika-p-skoda-octavia-ii-superb-ii-vw-caddy-iii-eos-golf\/#primaryimage"},"image":{"@id":"https:\/\/mechanikbiecz.pl\/sklep\/produkt\/poduszka-silnika-p-skoda-octavia-ii-superb-ii-vw-caddy-iii-eos-golf\/#primaryimage"},"thumbnailUrl":"https:\/\/mechanikbiecz.pl\/sklep\/wp-content\/uploads\/2023\/09\/100_1474-scaled.jpg","datePublished":"2023-09-15T18:28:59+00:00","dateModified":"2023-11-03T08:12:48+00:00","breadcrumb":{"@id":"https:\/\/mechanikbiecz.pl\/sklep\/produkt\/poduszka-silnika-p-skoda-octavia-ii-superb-ii-vw-caddy-iii-eos-golf\/#breadcrumb"},"inLanguage":"pl-PL","potentialAction":[{"@type":"ReadAction","target":["https:\/\/mechanikbiecz.pl\/sklep\/produkt\/poduszka-silnika-p-skoda-octavia-ii-superb-ii-vw-caddy-iii-eos-golf\/"]}]},{"@type":"ImageObject","inLanguage":"pl-PL","@id":"https:\/\/mechanikbiecz.pl\/sklep\/produkt\/poduszka-silnika-p-skoda-octavia-ii-superb-ii-vw-caddy-iii-eos-golf\/#primaryimage","url":"https:\/\/mechanikbiecz.pl\/sklep\/wp-content\/uploads\/2023\/09\/100_1474-scaled.jpg","contentUrl":"https:\/\/mechanikbiecz.pl\/sklep\/wp-content\/uploads\/2023\/09\/100_1474-scaled.jpg","width":1440,"height":1080},{"@type":"BreadcrumbList","@id":"https:\/\/mechanikbiecz.pl\/sklep\/produkt\/poduszka-silnika-p-skoda-octavia-ii-superb-ii-vw-caddy-iii-eos-golf\/#breadcrumb","itemListElement":[{"@type":"ListItem","position":1,"name":"Strona g\u0142\u00f3wna","item":"https:\/\/mechanikbiecz.pl\/sklep\/"},{"@type":"ListItem","position":2,"name":"Kategorie","item":"https:\/\/mechanikbiecz.pl\/sklep\/"},{"@type":"ListItem","position":3,"name":"Poduszka silnika P SKODA OCTAVIA II, SUPERB II; VW CADDY III, EOS, GOLF. 1K0 199 262"}]},{"@type":"WebSite","@id":"https:\/\/mechanikbiecz.pl\/sklep\/#website","url":"https:\/\/mechanikbiecz.pl\/sklep\/","name":"Sklep AMB Service","description":"Wszystko dla auta!","potentialAction":[{"@type":"SearchAction","target":{"@type":"EntryPoint","urlTemplate":"https:\/\/mechanikbiecz.pl\/sklep\/?s={search_term_string}"},"query-input":{"@type":"PropertyValueSpecification","valueRequired":true,"valueName":"search_term_string"}}],"inLanguage":"pl-PL"}]}},"_links":{"self":[{"href":"https:\/\/mechanikbiecz.pl\/sklep\/wp-json\/wp\/v2\/product\/18062","targetHints":{"allow":["GET"]}}],"collection":[{"href":"https:\/\/mechanikbiecz.pl\/sklep\/wp-json\/wp\/v2\/product"}],"about":[{"href":"https:\/\/mechanikbiecz.pl\/sklep\/wp-json\/wp\/v2\/types\/product"}],"replies":[{"embeddable":true,"href":"https:\/\/mechanikbiecz.pl\/sklep\/wp-json\/wp\/v2\/comments?post=18062"}],"wp:featuredmedia":[{"embeddable":true,"href":"https:\/\/mechanikbiecz.pl\/sklep\/wp-json\/wp\/v2\/media\/18063"}],"wp:attachment":[{"href":"https:\/\/mechanikbiecz.pl\/sklep\/wp-json\/wp\/v2\/media?parent=18062"}],"wp:term":[{"taxonomy":"product_cat","embeddable":true,"href":"https:\/\/mechanikbiecz.pl\/sklep\/wp-json\/wp\/v2\/product_cat?post=18062"},{"taxonomy":"product_tag","embeddable":true,"href":"https:\/\/mechanikbiecz.pl\/sklep\/wp-json\/wp\/v2\/product_tag?post=18062"}],"curies":[{"name":"wp","href":"https:\/\/api.w.org\/{rel}","templated":true}]}}