{"id":18084,"date":"2023-09-18T08:41:34","date_gmt":"2023-09-18T08:41:34","guid":{"rendered":"https:\/\/mechanikbiecz.pl\/sklep\/?post_type=product&#038;p=18084"},"modified":"2023-09-18T08:41:34","modified_gmt":"2023-09-18T08:41:34","slug":"zawor-rozprezny-klimatyzacja-1k0-820-679","status":"publish","type":"product","link":"https:\/\/mechanikbiecz.pl\/sklep\/produkt\/zawor-rozprezny-klimatyzacja-1k0-820-679\/","title":{"rendered":"Zaw\u00f3r rozpr\u0119\u017cny, klimatyzacja  1K0 820 679"},"content":{"rendered":"","protected":false},"excerpt":{"rendered":"<h5 class=\"mp4t_0 mryx_0 mj7a_4 mp0t_ji m9qz_yo munh_0 m3h2_0 mqu1_1j mgmw_wo mgn2_21 mgn2_25_s\"><strong>Zaw\u00f3r rozpr\u0119\u017cny, klimatyzacja<\/strong><\/h5>\n<h5 class=\"mp0t_ji munh_0 m3h2_0 mqu1_1j mgn2_21 mgn2_25_s m9qz_yo mryx_16 mgmw_wo mp4t_0 msts_n7\" data-role=\"replaceable-title\"><strong>Parametry<\/strong><\/h5>\n<div data-box-name=\"Container Margin\" data-box-id=\"LUo64bt1RQOuwIphdVaomw==sx2lrxHNQUG4Wa7QQbUK8g==8pPZtd1cTmGY_QEjoqw4cw==\" data-prototype-id=\"layout.container\" data-prototype-version=\"9.0\" data-analytics-category=\"layout.container\" data-analytics-groups=\"%5B%22allegro.oferta.base%22%2C%22showproduct.content%22%5D\">\n<p><a name=\"container-margin\"><\/a><\/p>\n<div class=\"opbox-sheet-wrapper m7er_k4 munh_56 m3h2_56 _17d9e_7VF-Y mjru_ey carousel-item\" data-item=\"\">\n<div class=\"opbox-sheet opbox-sheet-273c0 _17d9e_Ww88Y msts_n7\">\n<div data-box-name=\"Parameters\" data-box-id=\"LUo64bt1RQOuwIphdVaomw==sx2lrxHNQUG4Wa7QQbUK8g==YuRyp3xVSIeCfb8dhT754A==\" data-prototype-id=\"allegro.showoffer.parameters\" data-prototype-version=\"0.6\" data-civ=\"e43\" data-analytics-enabled=\"\" data-analytics-category=\"allegro.showoffer.parameters\" data-analytics-groups=\"%5B%22allegro.oferta.base%22%2C%22showproduct.content%22%5D\">\n<p><a name=\"parameters\"><\/a><\/p>\n<div data-role=\"app-container\">\n<table class=\"myre_zn mp7g_oh m7er_k4 q2unx mp0t_0a msts_pt\" style=\"height: 482px;\" width=\"556\">\n<tbody>\n<tr class=\"q1fzo mx7m_0 q1fzo qtqri mgn2_14\">\n<td class=\"mg9e_8 mj7a_8 mh36_8 mpof_vs mupj_5k mjyo_6x m09p_40 qfeeh mzmg_7i mgmw_3z mp4t_0 m3h2_0 mryx_0 munh_0 _3c6dd_ipdVK\">Stan<\/td>\n<td class=\"mg9e_8 mj7a_8 mpof_vs mupj_5k mjyo_6x mzmg_7i mh36_16 m09p_40 qfeeh mvrt_8 mgmw_wo m9qz_yp _3c6dd_mJPE-\">U\u017cywany\u00a0 sprawny 100%<\/td>\n<\/tr>\n<tr class=\"q1fzo mx7m_0 q1fzo qtqri mgn2_14\">\n<td class=\"mg9e_8 mj7a_8 mh36_8 mpof_vs mupj_5k mjyo_6x m09p_40 qfeeh mzmg_7i mgmw_3z mp4t_0 m3h2_0 mryx_0 munh_0 _3c6dd_ipdVK\">Faktura<\/td>\n<td class=\"mg9e_8 mj7a_8 mpof_vs mupj_5k mjyo_6x mzmg_7i mh36_16 m09p_40 qfeeh mvrt_8 mgmw_wo m9qz_yp _3c6dd_mJPE-\">Wystawiam faktur\u0119 VAT<\/td>\n<\/tr>\n<tr class=\"q1fzo mx7m_0 q1fzo qtqri mgn2_14\">\n<td class=\"mg9e_8 mj7a_8 mh36_8 mpof_vs mupj_5k mjyo_6x m09p_40 qfeeh mzmg_7i mgmw_3z mp4t_0 m3h2_0 mryx_0 munh_0 _3c6dd_ipdVK\">Producent cz\u0119\u015bci<\/td>\n<td class=\"mg9e_8 mj7a_8 mpof_vs mupj_5k mjyo_6x mzmg_7i mh36_16 m09p_40 qfeeh mvrt_8 mgmw_wo m9qz_yp _3c6dd_mJPE-\">Cz\u0119\u015b\u0107 oryginalna<\/td>\n<\/tr>\n<tr class=\"q1fzo mx7m_0 q1fzo qtqri mgn2_14\">\n<td class=\"mg9e_8 mj7a_8 mh36_8 mpof_vs mupj_5k mjyo_6x m09p_40 qfeeh mzmg_7i mgmw_3z mp4t_0 m3h2_0 mryx_0 munh_0 _3c6dd_ipdVK\">Numer katalogowy cz\u0119\u015bci<\/td>\n<td class=\"mg9e_8 mj7a_8 mpof_vs mupj_5k mjyo_6x mzmg_7i mh36_16 m09p_40 qfeeh mvrt_8 mgmw_wo m9qz_yp _3c6dd_mJPE-\">1K0 820 679<\/td>\n<\/tr>\n<tr class=\"q1fzo mx7m_0 q1fzo qtqri mgn2_14\">\n<td class=\"mg9e_8 mj7a_8 mh36_8 mpof_vs mupj_5k mjyo_6x m09p_40 qfeeh mzmg_7i mgmw_3z mp4t_0 m3h2_0 mryx_0 munh_0 _3c6dd_ipdVK\">Typ samochodu<\/td>\n<td class=\"mg9e_8 mj7a_8 mpof_vs mupj_5k mjyo_6x mzmg_7i mh36_16 m09p_40 qfeeh mvrt_8 mgmw_wo m9qz_yp _3c6dd_mJPE-\">Samochody osobowe, Samochody dostawcze<\/td>\n<\/tr>\n<tr class=\"q1fzo mx7m_0 q1fzo qtqri mgn2_14\">\n<td class=\"mg9e_8 mj7a_8 mh36_8 mpof_vs mupj_5k mjyo_6x m09p_40 qfeeh mzmg_7i mgmw_3z mp4t_0 m3h2_0 mryx_0 munh_0 _3c6dd_ipdVK\">Numery katalogowe zamiennik\u00f3w<\/td>\n<td class=\"mg9e_8 mj7a_8 mpof_vs mupj_5k mjyo_6x mzmg_7i mh36_16 m09p_40 qfeeh mvrt_8 mgmw_wo m9qz_yp _3c6dd_mJPE-\">AIC 53709, AVA QUALITY COOLING VN1243, FEBI BILSTEIN 103670, NISSENS 999220, NRF 38417, PRASCO VN1243, SWAG 30 10 3670, TOPRAN 112 306<\/td>\n<\/tr>\n<tr class=\"q1fzo mx7m_0 q1fzo qtqri mgn2_14\">\n<td class=\"mg9e_8 mj7a_8 mh36_8 mpof_vs mupj_5k mjyo_6x m09p_40 qfeeh mzmg_7i mgmw_3z mp4t_0 m3h2_0 mryx_0 munh_0 _3c6dd_ipdVK\">Numer katalogowy orygina\u0142u<\/td>\n<td class=\"mg9e_8 mj7a_8 mpof_vs mupj_5k mjyo_6x mzmg_7i mh36_16 m09p_40 qfeeh mvrt_8 mgmw_wo m9qz_yp _3c6dd_mJPE-\">AUDI 1K0 820 679, SEAT 1K0 820 679, SKODA 1K0 820 679, VW 1K0 820 679<\/td>\n<\/tr>\n<\/tbody>\n<\/table>\n<\/div>\n<\/div>\n<\/div>\n<\/div>\n<\/div>\n<p>&nbsp;<\/p>\n","protected":false},"featured_media":18085,"comment_status":"closed","ping_status":"closed","template":"","meta":{"_exactmetrics_skip_tracking":false,"_exactmetrics_sitenote_active":false,"_exactmetrics_sitenote_note":"","_exactmetrics_sitenote_category":0},"product_cat":[28,576],"product_tag":[],"class_list":{"0":"post-18084","1":"product","2":"type-product","3":"status-publish","4":"has-post-thumbnail","6":"product_cat-skoda-octavia-ii","7":"product_cat-uklad-chlodzenia-skoda-octavia-ii","9":"first","10":"instock","11":"taxable","12":"shipping-taxable","13":"purchasable","14":"product-type-simple"},"yoast_head":"<!-- This site is optimized with the Yoast SEO plugin v23.9 - https:\/\/yoast.com\/wordpress\/plugins\/seo\/ -->\n<title>Zaw\u00f3r rozpr\u0119\u017cny, klimatyzacja 1K0 820 679 &#8226; Sklep AMB Service<\/title>\n<meta name=\"robots\" content=\"index, follow, max-snippet:-1, max-image-preview:large, max-video-preview:-1\" \/>\n<link rel=\"canonical\" href=\"https:\/\/mechanikbiecz.pl\/sklep\/produkt\/zawor-rozprezny-klimatyzacja-1k0-820-679\/\" \/>\n<meta property=\"og:locale\" content=\"pl_PL\" \/>\n<meta property=\"og:type\" content=\"article\" \/>\n<meta property=\"og:title\" content=\"Zaw\u00f3r rozpr\u0119\u017cny, klimatyzacja 1K0 820 679 &#8226; Sklep AMB Service\" \/>\n<meta property=\"og:description\" content=\"Zaw\u00f3r rozpr\u0119\u017cny, klimatyzacja Parametry             Stan U\u017cywany\u00a0 sprawny 100%   Faktura Wystawiam faktur\u0119 VAT   Producent cz\u0119\u015bci Cz\u0119\u015b\u0107 oryginalna   Numer katalogowy cz\u0119\u015bci 1K0 820 679   Typ samochodu Samochody osobowe, Samochody dostawcze   Numery katalogowe zamiennik\u00f3w AIC 53709, AVA QUALITY COOLING VN1243, FEBI BILSTEIN 103670, NISSENS 999220, NRF 38417, PRASCO VN1243, SWAG 30 10 3670, TOPRAN 112 306   Numer katalogowy orygina\u0142u AUDI 1K0 820 679, SEAT 1K0 820 679, SKODA 1K0 820 679, VW 1K0 820 679         &nbsp;\" \/>\n<meta property=\"og:url\" content=\"https:\/\/mechanikbiecz.pl\/sklep\/produkt\/zawor-rozprezny-klimatyzacja-1k0-820-679\/\" \/>\n<meta property=\"og:site_name\" content=\"Sklep AMB Service\" \/>\n<meta property=\"og:image\" content=\"https:\/\/mechanikbiecz.pl\/sklep\/wp-content\/uploads\/2023\/09\/100_1593-scaled.jpg\" \/>\n\t<meta property=\"og:image:width\" content=\"1440\" \/>\n\t<meta property=\"og:image:height\" content=\"1080\" \/>\n\t<meta property=\"og:image:type\" content=\"image\/jpeg\" \/>\n<script type=\"application\/ld+json\" class=\"yoast-schema-graph\">{\"@context\":\"https:\/\/schema.org\",\"@graph\":[{\"@type\":\"WebPage\",\"@id\":\"https:\/\/mechanikbiecz.pl\/sklep\/produkt\/zawor-rozprezny-klimatyzacja-1k0-820-679\/\",\"url\":\"https:\/\/mechanikbiecz.pl\/sklep\/produkt\/zawor-rozprezny-klimatyzacja-1k0-820-679\/\",\"name\":\"Zaw\u00f3r rozpr\u0119\u017cny, klimatyzacja 1K0 820 679 &#8226; Sklep AMB Service\",\"isPartOf\":{\"@id\":\"https:\/\/mechanikbiecz.pl\/sklep\/#website\"},\"primaryImageOfPage\":{\"@id\":\"https:\/\/mechanikbiecz.pl\/sklep\/produkt\/zawor-rozprezny-klimatyzacja-1k0-820-679\/#primaryimage\"},\"image\":{\"@id\":\"https:\/\/mechanikbiecz.pl\/sklep\/produkt\/zawor-rozprezny-klimatyzacja-1k0-820-679\/#primaryimage\"},\"thumbnailUrl\":\"https:\/\/mechanikbiecz.pl\/sklep\/wp-content\/uploads\/2023\/09\/100_1593-scaled.jpg\",\"datePublished\":\"2023-09-18T08:41:34+00:00\",\"dateModified\":\"2023-09-18T08:41:34+00:00\",\"breadcrumb\":{\"@id\":\"https:\/\/mechanikbiecz.pl\/sklep\/produkt\/zawor-rozprezny-klimatyzacja-1k0-820-679\/#breadcrumb\"},\"inLanguage\":\"pl-PL\",\"potentialAction\":[{\"@type\":\"ReadAction\",\"target\":[\"https:\/\/mechanikbiecz.pl\/sklep\/produkt\/zawor-rozprezny-klimatyzacja-1k0-820-679\/\"]}]},{\"@type\":\"ImageObject\",\"inLanguage\":\"pl-PL\",\"@id\":\"https:\/\/mechanikbiecz.pl\/sklep\/produkt\/zawor-rozprezny-klimatyzacja-1k0-820-679\/#primaryimage\",\"url\":\"https:\/\/mechanikbiecz.pl\/sklep\/wp-content\/uploads\/2023\/09\/100_1593-scaled.jpg\",\"contentUrl\":\"https:\/\/mechanikbiecz.pl\/sklep\/wp-content\/uploads\/2023\/09\/100_1593-scaled.jpg\",\"width\":1440,\"height\":1080},{\"@type\":\"BreadcrumbList\",\"@id\":\"https:\/\/mechanikbiecz.pl\/sklep\/produkt\/zawor-rozprezny-klimatyzacja-1k0-820-679\/#breadcrumb\",\"itemListElement\":[{\"@type\":\"ListItem\",\"position\":1,\"name\":\"Strona g\u0142\u00f3wna\",\"item\":\"https:\/\/mechanikbiecz.pl\/sklep\/\"},{\"@type\":\"ListItem\",\"position\":2,\"name\":\"Kategorie\",\"item\":\"https:\/\/mechanikbiecz.pl\/sklep\/\"},{\"@type\":\"ListItem\",\"position\":3,\"name\":\"Zaw\u00f3r rozpr\u0119\u017cny, klimatyzacja 1K0 820 679\"}]},{\"@type\":\"WebSite\",\"@id\":\"https:\/\/mechanikbiecz.pl\/sklep\/#website\",\"url\":\"https:\/\/mechanikbiecz.pl\/sklep\/\",\"name\":\"Sklep AMB Service\",\"description\":\"Wszystko dla auta!\",\"potentialAction\":[{\"@type\":\"SearchAction\",\"target\":{\"@type\":\"EntryPoint\",\"urlTemplate\":\"https:\/\/mechanikbiecz.pl\/sklep\/?s={search_term_string}\"},\"query-input\":{\"@type\":\"PropertyValueSpecification\",\"valueRequired\":true,\"valueName\":\"search_term_string\"}}],\"inLanguage\":\"pl-PL\"}]}<\/script>\n<!-- \/ Yoast SEO plugin. -->","yoast_head_json":{"title":"Zaw\u00f3r rozpr\u0119\u017cny, klimatyzacja 1K0 820 679 &#8226; Sklep AMB Service","robots":{"index":"index","follow":"follow","max-snippet":"max-snippet:-1","max-image-preview":"max-image-preview:large","max-video-preview":"max-video-preview:-1"},"canonical":"https:\/\/mechanikbiecz.pl\/sklep\/produkt\/zawor-rozprezny-klimatyzacja-1k0-820-679\/","og_locale":"pl_PL","og_type":"article","og_title":"Zaw\u00f3r rozpr\u0119\u017cny, klimatyzacja 1K0 820 679 &#8226; Sklep AMB Service","og_description":"Zaw\u00f3r rozpr\u0119\u017cny, klimatyzacja Parametry             Stan U\u017cywany\u00a0 sprawny 100%   Faktura Wystawiam faktur\u0119 VAT   Producent cz\u0119\u015bci Cz\u0119\u015b\u0107 oryginalna   Numer katalogowy cz\u0119\u015bci 1K0 820 679   Typ samochodu Samochody osobowe, Samochody dostawcze   Numery katalogowe zamiennik\u00f3w AIC 53709, AVA QUALITY COOLING VN1243, FEBI BILSTEIN 103670, NISSENS 999220, NRF 38417, PRASCO VN1243, SWAG 30 10 3670, TOPRAN 112 306   Numer katalogowy orygina\u0142u AUDI 1K0 820 679, SEAT 1K0 820 679, SKODA 1K0 820 679, VW 1K0 820 679         &nbsp;","og_url":"https:\/\/mechanikbiecz.pl\/sklep\/produkt\/zawor-rozprezny-klimatyzacja-1k0-820-679\/","og_site_name":"Sklep AMB Service","og_image":[{"width":1440,"height":1080,"url":"https:\/\/mechanikbiecz.pl\/sklep\/wp-content\/uploads\/2023\/09\/100_1593-scaled.jpg","type":"image\/jpeg"}],"schema":{"@context":"https:\/\/schema.org","@graph":[{"@type":"WebPage","@id":"https:\/\/mechanikbiecz.pl\/sklep\/produkt\/zawor-rozprezny-klimatyzacja-1k0-820-679\/","url":"https:\/\/mechanikbiecz.pl\/sklep\/produkt\/zawor-rozprezny-klimatyzacja-1k0-820-679\/","name":"Zaw\u00f3r rozpr\u0119\u017cny, klimatyzacja 1K0 820 679 &#8226; Sklep AMB Service","isPartOf":{"@id":"https:\/\/mechanikbiecz.pl\/sklep\/#website"},"primaryImageOfPage":{"@id":"https:\/\/mechanikbiecz.pl\/sklep\/produkt\/zawor-rozprezny-klimatyzacja-1k0-820-679\/#primaryimage"},"image":{"@id":"https:\/\/mechanikbiecz.pl\/sklep\/produkt\/zawor-rozprezny-klimatyzacja-1k0-820-679\/#primaryimage"},"thumbnailUrl":"https:\/\/mechanikbiecz.pl\/sklep\/wp-content\/uploads\/2023\/09\/100_1593-scaled.jpg","datePublished":"2023-09-18T08:41:34+00:00","dateModified":"2023-09-18T08:41:34+00:00","breadcrumb":{"@id":"https:\/\/mechanikbiecz.pl\/sklep\/produkt\/zawor-rozprezny-klimatyzacja-1k0-820-679\/#breadcrumb"},"inLanguage":"pl-PL","potentialAction":[{"@type":"ReadAction","target":["https:\/\/mechanikbiecz.pl\/sklep\/produkt\/zawor-rozprezny-klimatyzacja-1k0-820-679\/"]}]},{"@type":"ImageObject","inLanguage":"pl-PL","@id":"https:\/\/mechanikbiecz.pl\/sklep\/produkt\/zawor-rozprezny-klimatyzacja-1k0-820-679\/#primaryimage","url":"https:\/\/mechanikbiecz.pl\/sklep\/wp-content\/uploads\/2023\/09\/100_1593-scaled.jpg","contentUrl":"https:\/\/mechanikbiecz.pl\/sklep\/wp-content\/uploads\/2023\/09\/100_1593-scaled.jpg","width":1440,"height":1080},{"@type":"BreadcrumbList","@id":"https:\/\/mechanikbiecz.pl\/sklep\/produkt\/zawor-rozprezny-klimatyzacja-1k0-820-679\/#breadcrumb","itemListElement":[{"@type":"ListItem","position":1,"name":"Strona g\u0142\u00f3wna","item":"https:\/\/mechanikbiecz.pl\/sklep\/"},{"@type":"ListItem","position":2,"name":"Kategorie","item":"https:\/\/mechanikbiecz.pl\/sklep\/"},{"@type":"ListItem","position":3,"name":"Zaw\u00f3r rozpr\u0119\u017cny, klimatyzacja 1K0 820 679"}]},{"@type":"WebSite","@id":"https:\/\/mechanikbiecz.pl\/sklep\/#website","url":"https:\/\/mechanikbiecz.pl\/sklep\/","name":"Sklep AMB Service","description":"Wszystko dla auta!","potentialAction":[{"@type":"SearchAction","target":{"@type":"EntryPoint","urlTemplate":"https:\/\/mechanikbiecz.pl\/sklep\/?s={search_term_string}"},"query-input":{"@type":"PropertyValueSpecification","valueRequired":true,"valueName":"search_term_string"}}],"inLanguage":"pl-PL"}]}},"_links":{"self":[{"href":"https:\/\/mechanikbiecz.pl\/sklep\/wp-json\/wp\/v2\/product\/18084","targetHints":{"allow":["GET"]}}],"collection":[{"href":"https:\/\/mechanikbiecz.pl\/sklep\/wp-json\/wp\/v2\/product"}],"about":[{"href":"https:\/\/mechanikbiecz.pl\/sklep\/wp-json\/wp\/v2\/types\/product"}],"replies":[{"embeddable":true,"href":"https:\/\/mechanikbiecz.pl\/sklep\/wp-json\/wp\/v2\/comments?post=18084"}],"wp:featuredmedia":[{"embeddable":true,"href":"https:\/\/mechanikbiecz.pl\/sklep\/wp-json\/wp\/v2\/media\/18085"}],"wp:attachment":[{"href":"https:\/\/mechanikbiecz.pl\/sklep\/wp-json\/wp\/v2\/media?parent=18084"}],"wp:term":[{"taxonomy":"product_cat","embeddable":true,"href":"https:\/\/mechanikbiecz.pl\/sklep\/wp-json\/wp\/v2\/product_cat?post=18084"},{"taxonomy":"product_tag","embeddable":true,"href":"https:\/\/mechanikbiecz.pl\/sklep\/wp-json\/wp\/v2\/product_tag?post=18084"}],"curies":[{"name":"wp","href":"https:\/\/api.w.org\/{rel}","templated":true}]}}