{"id":51,"date":"2016-10-10T07:52:06","date_gmt":"2016-10-10T07:52:06","guid":{"rendered":"http:\/\/mechanikbiecz.pl\/sklep\/?post_type=product&#038;p=51"},"modified":"2021-10-15T06:16:28","modified_gmt":"2021-10-15T06:16:28","slug":"oe-6501","status":"publish","type":"product","link":"https:\/\/mechanikbiecz.pl\/sklep\/produkt\/oe-6501\/","title":{"rendered":"OE 650\/1"},"content":{"rendered":"<p>650\/1 \u00a0 \u00a0\u00a0 OE FILTR OLEJU SEAT,SKODA,VW DIESEL<\/p>\n","protected":false},"excerpt":{"rendered":"<p>Wysoko\u015b\u0107 \u2026&#8230;&#8230;&#8230;&#8230;&#8230;.141 mm<\/p>\n<p>Wymiar gwintu \u2026.<\/p>\n<p>Rodzaj filtra \u2026&#8230;&#8230;&#8230;Wk\u0142ad filtra<\/p>\n<p>\u015arednica  wewn\u0119trzna \u2026..71 mm<\/p>\n","protected":false},"featured_media":0,"comment_status":"open","ping_status":"closed","template":"","meta":{"_exactmetrics_skip_tracking":false,"_exactmetrics_sitenote_active":false,"_exactmetrics_sitenote_note":"","_exactmetrics_sitenote_category":0},"product_cat":[584,1872,35,588,28,353],"product_tag":[],"class_list":{"0":"post-51","1":"product","2":"type-product","3":"status-publish","5":"product_cat-audi-a4-2000-2004-r","6":"product_cat-filtry-olejupaliwapowietrzaklimatyzacji","7":"product_cat-filtry-paliwa-powietrza-oleju-hydrauliczny","8":"product_cat-filtry-audi-a4-2000-2004-r","9":"product_cat-skoda-octavia-ii","10":"product_cat-vw-polo","12":"first","13":"instock","14":"taxable","15":"shipping-taxable","16":"purchasable","17":"product-type-simple"},"yoast_head":"<!-- This site is optimized with the Yoast SEO plugin v23.9 - https:\/\/yoast.com\/wordpress\/plugins\/seo\/ -->\n<title>OE 650\/1 &#8226; Sklep AMB Service<\/title>\n<meta name=\"robots\" content=\"index, follow, max-snippet:-1, max-image-preview:large, max-video-preview:-1\" \/>\n<link rel=\"canonical\" href=\"https:\/\/mechanikbiecz.pl\/sklep\/produkt\/oe-6501\/\" \/>\n<meta property=\"og:locale\" content=\"pl_PL\" \/>\n<meta property=\"og:type\" content=\"article\" \/>\n<meta property=\"og:title\" content=\"OE 650\/1 &#8226; Sklep AMB Service\" \/>\n<meta property=\"og:description\" content=\"Wysoko\u015b\u0107 \u2026................141 mm  Wymiar gwintu \u2026.  Rodzaj filtra \u2026.........Wk\u0142ad filtra  \u015arednica wewn\u0119trzna \u2026..71 mm\" \/>\n<meta property=\"og:url\" content=\"https:\/\/mechanikbiecz.pl\/sklep\/produkt\/oe-6501\/\" \/>\n<meta property=\"og:site_name\" content=\"Sklep AMB Service\" \/>\n<meta property=\"article:modified_time\" content=\"2021-10-15T06:16:28+00:00\" \/>\n<script type=\"application\/ld+json\" class=\"yoast-schema-graph\">{\"@context\":\"https:\/\/schema.org\",\"@graph\":[{\"@type\":\"WebPage\",\"@id\":\"https:\/\/mechanikbiecz.pl\/sklep\/produkt\/oe-6501\/\",\"url\":\"https:\/\/mechanikbiecz.pl\/sklep\/produkt\/oe-6501\/\",\"name\":\"OE 650\/1 &#8226; Sklep AMB Service\",\"isPartOf\":{\"@id\":\"https:\/\/mechanikbiecz.pl\/sklep\/#website\"},\"datePublished\":\"2016-10-10T07:52:06+00:00\",\"dateModified\":\"2021-10-15T06:16:28+00:00\",\"breadcrumb\":{\"@id\":\"https:\/\/mechanikbiecz.pl\/sklep\/produkt\/oe-6501\/#breadcrumb\"},\"inLanguage\":\"pl-PL\",\"potentialAction\":[{\"@type\":\"ReadAction\",\"target\":[\"https:\/\/mechanikbiecz.pl\/sklep\/produkt\/oe-6501\/\"]}]},{\"@type\":\"BreadcrumbList\",\"@id\":\"https:\/\/mechanikbiecz.pl\/sklep\/produkt\/oe-6501\/#breadcrumb\",\"itemListElement\":[{\"@type\":\"ListItem\",\"position\":1,\"name\":\"Strona g\u0142\u00f3wna\",\"item\":\"https:\/\/mechanikbiecz.pl\/sklep\/\"},{\"@type\":\"ListItem\",\"position\":2,\"name\":\"Kategorie\",\"item\":\"https:\/\/mechanikbiecz.pl\/sklep\/\"},{\"@type\":\"ListItem\",\"position\":3,\"name\":\"OE 650\/1\"}]},{\"@type\":\"WebSite\",\"@id\":\"https:\/\/mechanikbiecz.pl\/sklep\/#website\",\"url\":\"https:\/\/mechanikbiecz.pl\/sklep\/\",\"name\":\"Sklep AMB Service\",\"description\":\"Wszystko dla auta!\",\"potentialAction\":[{\"@type\":\"SearchAction\",\"target\":{\"@type\":\"EntryPoint\",\"urlTemplate\":\"https:\/\/mechanikbiecz.pl\/sklep\/?s={search_term_string}\"},\"query-input\":{\"@type\":\"PropertyValueSpecification\",\"valueRequired\":true,\"valueName\":\"search_term_string\"}}],\"inLanguage\":\"pl-PL\"}]}<\/script>\n<!-- \/ Yoast SEO plugin. -->","yoast_head_json":{"title":"OE 650\/1 &#8226; Sklep AMB Service","robots":{"index":"index","follow":"follow","max-snippet":"max-snippet:-1","max-image-preview":"max-image-preview:large","max-video-preview":"max-video-preview:-1"},"canonical":"https:\/\/mechanikbiecz.pl\/sklep\/produkt\/oe-6501\/","og_locale":"pl_PL","og_type":"article","og_title":"OE 650\/1 &#8226; Sklep AMB Service","og_description":"Wysoko\u015b\u0107 \u2026................141 mm  Wymiar gwintu \u2026.  Rodzaj filtra \u2026.........Wk\u0142ad filtra  \u015arednica wewn\u0119trzna \u2026..71 mm","og_url":"https:\/\/mechanikbiecz.pl\/sklep\/produkt\/oe-6501\/","og_site_name":"Sklep AMB Service","article_modified_time":"2021-10-15T06:16:28+00:00","schema":{"@context":"https:\/\/schema.org","@graph":[{"@type":"WebPage","@id":"https:\/\/mechanikbiecz.pl\/sklep\/produkt\/oe-6501\/","url":"https:\/\/mechanikbiecz.pl\/sklep\/produkt\/oe-6501\/","name":"OE 650\/1 &#8226; Sklep AMB Service","isPartOf":{"@id":"https:\/\/mechanikbiecz.pl\/sklep\/#website"},"datePublished":"2016-10-10T07:52:06+00:00","dateModified":"2021-10-15T06:16:28+00:00","breadcrumb":{"@id":"https:\/\/mechanikbiecz.pl\/sklep\/produkt\/oe-6501\/#breadcrumb"},"inLanguage":"pl-PL","potentialAction":[{"@type":"ReadAction","target":["https:\/\/mechanikbiecz.pl\/sklep\/produkt\/oe-6501\/"]}]},{"@type":"BreadcrumbList","@id":"https:\/\/mechanikbiecz.pl\/sklep\/produkt\/oe-6501\/#breadcrumb","itemListElement":[{"@type":"ListItem","position":1,"name":"Strona g\u0142\u00f3wna","item":"https:\/\/mechanikbiecz.pl\/sklep\/"},{"@type":"ListItem","position":2,"name":"Kategorie","item":"https:\/\/mechanikbiecz.pl\/sklep\/"},{"@type":"ListItem","position":3,"name":"OE 650\/1"}]},{"@type":"WebSite","@id":"https:\/\/mechanikbiecz.pl\/sklep\/#website","url":"https:\/\/mechanikbiecz.pl\/sklep\/","name":"Sklep AMB Service","description":"Wszystko dla auta!","potentialAction":[{"@type":"SearchAction","target":{"@type":"EntryPoint","urlTemplate":"https:\/\/mechanikbiecz.pl\/sklep\/?s={search_term_string}"},"query-input":{"@type":"PropertyValueSpecification","valueRequired":true,"valueName":"search_term_string"}}],"inLanguage":"pl-PL"}]}},"_links":{"self":[{"href":"https:\/\/mechanikbiecz.pl\/sklep\/wp-json\/wp\/v2\/product\/51","targetHints":{"allow":["GET"]}}],"collection":[{"href":"https:\/\/mechanikbiecz.pl\/sklep\/wp-json\/wp\/v2\/product"}],"about":[{"href":"https:\/\/mechanikbiecz.pl\/sklep\/wp-json\/wp\/v2\/types\/product"}],"replies":[{"embeddable":true,"href":"https:\/\/mechanikbiecz.pl\/sklep\/wp-json\/wp\/v2\/comments?post=51"}],"wp:attachment":[{"href":"https:\/\/mechanikbiecz.pl\/sklep\/wp-json\/wp\/v2\/media?parent=51"}],"wp:term":[{"taxonomy":"product_cat","embeddable":true,"href":"https:\/\/mechanikbiecz.pl\/sklep\/wp-json\/wp\/v2\/product_cat?post=51"},{"taxonomy":"product_tag","embeddable":true,"href":"https:\/\/mechanikbiecz.pl\/sklep\/wp-json\/wp\/v2\/product_tag?post=51"}],"curies":[{"name":"wp","href":"https:\/\/api.w.org\/{rel}","templated":true}]}}