{"id":556,"date":"2017-12-06T07:54:20","date_gmt":"2017-12-06T07:54:20","guid":{"rendered":"https:\/\/mechanikbiecz.pl\/sklep\/?post_type=product&#038;p=556"},"modified":"2017-12-06T07:54:20","modified_gmt":"2017-12-06T07:54:20","slug":"klamka-drzwi-bagaznika-1z0-827-574b","status":"publish","type":"product","link":"https:\/\/mechanikbiecz.pl\/sklep\/produkt\/klamka-drzwi-bagaznika-1z0-827-574b\/","title":{"rendered":"Klamka drzwi baga\u017cnika    1Z0 827 574B"},"content":{"rendered":"","protected":false},"excerpt":{"rendered":"<p>Oryginalna,u\u017cywana klamka drzwi baga\u017cnika.<br \/>\nPasuje do : Skoda Octavia II<br \/>\nStan b.dobry.<\/p>\n","protected":false},"featured_media":559,"comment_status":"closed","ping_status":"closed","template":"","meta":{"_exactmetrics_skip_tracking":false,"_exactmetrics_sitenote_active":false,"_exactmetrics_sitenote_note":"","_exactmetrics_sitenote_category":0},"product_cat":[573,28],"product_tag":[],"class_list":{"0":"post-556","1":"product","2":"type-product","3":"status-publish","4":"has-post-thumbnail","6":"product_cat-nadwozie","7":"product_cat-skoda-octavia-ii","9":"first","10":"instock","11":"taxable","12":"shipping-taxable","13":"purchasable","14":"product-type-simple"},"yoast_head":"<!-- This site is optimized with the Yoast SEO plugin v23.9 - https:\/\/yoast.com\/wordpress\/plugins\/seo\/ -->\n<title>Klamka drzwi baga\u017cnika  1Z0 827 574B &#8226; Sklep AMB Service<\/title>\n<meta name=\"robots\" content=\"index, follow, max-snippet:-1, max-image-preview:large, max-video-preview:-1\" \/>\n<link rel=\"canonical\" href=\"https:\/\/mechanikbiecz.pl\/sklep\/produkt\/klamka-drzwi-bagaznika-1z0-827-574b\/\" \/>\n<meta property=\"og:locale\" content=\"pl_PL\" \/>\n<meta property=\"og:type\" content=\"article\" \/>\n<meta property=\"og:title\" content=\"Klamka drzwi baga\u017cnika  1Z0 827 574B &#8226; Sklep AMB Service\" \/>\n<meta property=\"og:description\" content=\"Oryginalna,u\u017cywana klamka drzwi baga\u017cnika. Pasuje do : Skoda Octavia II Stan b.dobry.\" \/>\n<meta property=\"og:url\" content=\"https:\/\/mechanikbiecz.pl\/sklep\/produkt\/klamka-drzwi-bagaznika-1z0-827-574b\/\" \/>\n<meta property=\"og:site_name\" content=\"Sklep AMB Service\" \/>\n<meta property=\"og:image\" content=\"https:\/\/mechanikbiecz.pl\/sklep\/wp-content\/uploads\/2017\/12\/14.-1Z0-827-574-U\u00ac-2.jpg\" \/>\n\t<meta property=\"og:image:width\" content=\"1440\" \/>\n\t<meta property=\"og:image:height\" content=\"1080\" \/>\n\t<meta property=\"og:image:type\" content=\"image\/jpeg\" \/>\n<script type=\"application\/ld+json\" class=\"yoast-schema-graph\">{\"@context\":\"https:\/\/schema.org\",\"@graph\":[{\"@type\":\"WebPage\",\"@id\":\"https:\/\/mechanikbiecz.pl\/sklep\/produkt\/klamka-drzwi-bagaznika-1z0-827-574b\/\",\"url\":\"https:\/\/mechanikbiecz.pl\/sklep\/produkt\/klamka-drzwi-bagaznika-1z0-827-574b\/\",\"name\":\"Klamka drzwi baga\u017cnika 1Z0 827 574B &#8226; Sklep AMB Service\",\"isPartOf\":{\"@id\":\"https:\/\/mechanikbiecz.pl\/sklep\/#website\"},\"primaryImageOfPage\":{\"@id\":\"https:\/\/mechanikbiecz.pl\/sklep\/produkt\/klamka-drzwi-bagaznika-1z0-827-574b\/#primaryimage\"},\"image\":{\"@id\":\"https:\/\/mechanikbiecz.pl\/sklep\/produkt\/klamka-drzwi-bagaznika-1z0-827-574b\/#primaryimage\"},\"thumbnailUrl\":\"https:\/\/mechanikbiecz.pl\/sklep\/wp-content\/uploads\/2017\/12\/14.-1Z0-827-574-U\u00ac-2.jpg\",\"datePublished\":\"2017-12-06T07:54:20+00:00\",\"dateModified\":\"2017-12-06T07:54:20+00:00\",\"breadcrumb\":{\"@id\":\"https:\/\/mechanikbiecz.pl\/sklep\/produkt\/klamka-drzwi-bagaznika-1z0-827-574b\/#breadcrumb\"},\"inLanguage\":\"pl-PL\",\"potentialAction\":[{\"@type\":\"ReadAction\",\"target\":[\"https:\/\/mechanikbiecz.pl\/sklep\/produkt\/klamka-drzwi-bagaznika-1z0-827-574b\/\"]}]},{\"@type\":\"ImageObject\",\"inLanguage\":\"pl-PL\",\"@id\":\"https:\/\/mechanikbiecz.pl\/sklep\/produkt\/klamka-drzwi-bagaznika-1z0-827-574b\/#primaryimage\",\"url\":\"https:\/\/mechanikbiecz.pl\/sklep\/wp-content\/uploads\/2017\/12\/14.-1Z0-827-574-U\u00ac-2.jpg\",\"contentUrl\":\"https:\/\/mechanikbiecz.pl\/sklep\/wp-content\/uploads\/2017\/12\/14.-1Z0-827-574-U\u00ac-2.jpg\",\"width\":1440,\"height\":1080},{\"@type\":\"BreadcrumbList\",\"@id\":\"https:\/\/mechanikbiecz.pl\/sklep\/produkt\/klamka-drzwi-bagaznika-1z0-827-574b\/#breadcrumb\",\"itemListElement\":[{\"@type\":\"ListItem\",\"position\":1,\"name\":\"Strona g\u0142\u00f3wna\",\"item\":\"https:\/\/mechanikbiecz.pl\/sklep\/\"},{\"@type\":\"ListItem\",\"position\":2,\"name\":\"Kategorie\",\"item\":\"https:\/\/mechanikbiecz.pl\/sklep\/\"},{\"@type\":\"ListItem\",\"position\":3,\"name\":\"Klamka drzwi baga\u017cnika 1Z0 827 574B\"}]},{\"@type\":\"WebSite\",\"@id\":\"https:\/\/mechanikbiecz.pl\/sklep\/#website\",\"url\":\"https:\/\/mechanikbiecz.pl\/sklep\/\",\"name\":\"Sklep AMB Service\",\"description\":\"Wszystko dla auta!\",\"potentialAction\":[{\"@type\":\"SearchAction\",\"target\":{\"@type\":\"EntryPoint\",\"urlTemplate\":\"https:\/\/mechanikbiecz.pl\/sklep\/?s={search_term_string}\"},\"query-input\":{\"@type\":\"PropertyValueSpecification\",\"valueRequired\":true,\"valueName\":\"search_term_string\"}}],\"inLanguage\":\"pl-PL\"}]}<\/script>\n<!-- \/ Yoast SEO plugin. -->","yoast_head_json":{"title":"Klamka drzwi baga\u017cnika  1Z0 827 574B &#8226; Sklep AMB Service","robots":{"index":"index","follow":"follow","max-snippet":"max-snippet:-1","max-image-preview":"max-image-preview:large","max-video-preview":"max-video-preview:-1"},"canonical":"https:\/\/mechanikbiecz.pl\/sklep\/produkt\/klamka-drzwi-bagaznika-1z0-827-574b\/","og_locale":"pl_PL","og_type":"article","og_title":"Klamka drzwi baga\u017cnika  1Z0 827 574B &#8226; Sklep AMB Service","og_description":"Oryginalna,u\u017cywana klamka drzwi baga\u017cnika. Pasuje do : Skoda Octavia II Stan b.dobry.","og_url":"https:\/\/mechanikbiecz.pl\/sklep\/produkt\/klamka-drzwi-bagaznika-1z0-827-574b\/","og_site_name":"Sklep AMB Service","og_image":[{"width":1440,"height":1080,"url":"https:\/\/mechanikbiecz.pl\/sklep\/wp-content\/uploads\/2017\/12\/14.-1Z0-827-574-U\u00ac-2.jpg","type":"image\/jpeg"}],"schema":{"@context":"https:\/\/schema.org","@graph":[{"@type":"WebPage","@id":"https:\/\/mechanikbiecz.pl\/sklep\/produkt\/klamka-drzwi-bagaznika-1z0-827-574b\/","url":"https:\/\/mechanikbiecz.pl\/sklep\/produkt\/klamka-drzwi-bagaznika-1z0-827-574b\/","name":"Klamka drzwi baga\u017cnika 1Z0 827 574B &#8226; Sklep AMB Service","isPartOf":{"@id":"https:\/\/mechanikbiecz.pl\/sklep\/#website"},"primaryImageOfPage":{"@id":"https:\/\/mechanikbiecz.pl\/sklep\/produkt\/klamka-drzwi-bagaznika-1z0-827-574b\/#primaryimage"},"image":{"@id":"https:\/\/mechanikbiecz.pl\/sklep\/produkt\/klamka-drzwi-bagaznika-1z0-827-574b\/#primaryimage"},"thumbnailUrl":"https:\/\/mechanikbiecz.pl\/sklep\/wp-content\/uploads\/2017\/12\/14.-1Z0-827-574-U\u00ac-2.jpg","datePublished":"2017-12-06T07:54:20+00:00","dateModified":"2017-12-06T07:54:20+00:00","breadcrumb":{"@id":"https:\/\/mechanikbiecz.pl\/sklep\/produkt\/klamka-drzwi-bagaznika-1z0-827-574b\/#breadcrumb"},"inLanguage":"pl-PL","potentialAction":[{"@type":"ReadAction","target":["https:\/\/mechanikbiecz.pl\/sklep\/produkt\/klamka-drzwi-bagaznika-1z0-827-574b\/"]}]},{"@type":"ImageObject","inLanguage":"pl-PL","@id":"https:\/\/mechanikbiecz.pl\/sklep\/produkt\/klamka-drzwi-bagaznika-1z0-827-574b\/#primaryimage","url":"https:\/\/mechanikbiecz.pl\/sklep\/wp-content\/uploads\/2017\/12\/14.-1Z0-827-574-U\u00ac-2.jpg","contentUrl":"https:\/\/mechanikbiecz.pl\/sklep\/wp-content\/uploads\/2017\/12\/14.-1Z0-827-574-U\u00ac-2.jpg","width":1440,"height":1080},{"@type":"BreadcrumbList","@id":"https:\/\/mechanikbiecz.pl\/sklep\/produkt\/klamka-drzwi-bagaznika-1z0-827-574b\/#breadcrumb","itemListElement":[{"@type":"ListItem","position":1,"name":"Strona g\u0142\u00f3wna","item":"https:\/\/mechanikbiecz.pl\/sklep\/"},{"@type":"ListItem","position":2,"name":"Kategorie","item":"https:\/\/mechanikbiecz.pl\/sklep\/"},{"@type":"ListItem","position":3,"name":"Klamka drzwi baga\u017cnika 1Z0 827 574B"}]},{"@type":"WebSite","@id":"https:\/\/mechanikbiecz.pl\/sklep\/#website","url":"https:\/\/mechanikbiecz.pl\/sklep\/","name":"Sklep AMB Service","description":"Wszystko dla auta!","potentialAction":[{"@type":"SearchAction","target":{"@type":"EntryPoint","urlTemplate":"https:\/\/mechanikbiecz.pl\/sklep\/?s={search_term_string}"},"query-input":{"@type":"PropertyValueSpecification","valueRequired":true,"valueName":"search_term_string"}}],"inLanguage":"pl-PL"}]}},"_links":{"self":[{"href":"https:\/\/mechanikbiecz.pl\/sklep\/wp-json\/wp\/v2\/product\/556","targetHints":{"allow":["GET"]}}],"collection":[{"href":"https:\/\/mechanikbiecz.pl\/sklep\/wp-json\/wp\/v2\/product"}],"about":[{"href":"https:\/\/mechanikbiecz.pl\/sklep\/wp-json\/wp\/v2\/types\/product"}],"replies":[{"embeddable":true,"href":"https:\/\/mechanikbiecz.pl\/sklep\/wp-json\/wp\/v2\/comments?post=556"}],"wp:featuredmedia":[{"embeddable":true,"href":"https:\/\/mechanikbiecz.pl\/sklep\/wp-json\/wp\/v2\/media\/559"}],"wp:attachment":[{"href":"https:\/\/mechanikbiecz.pl\/sklep\/wp-json\/wp\/v2\/media?parent=556"}],"wp:term":[{"taxonomy":"product_cat","embeddable":true,"href":"https:\/\/mechanikbiecz.pl\/sklep\/wp-json\/wp\/v2\/product_cat?post=556"},{"taxonomy":"product_tag","embeddable":true,"href":"https:\/\/mechanikbiecz.pl\/sklep\/wp-json\/wp\/v2\/product_tag?post=556"}],"curies":[{"name":"wp","href":"https:\/\/api.w.org\/{rel}","templated":true}]}}